{"id":319,"date":"2023-01-19T11:03:50","date_gmt":"2023-01-19T11:03:50","guid":{"rendered":"https:\/\/poolfolien.online\/?page_id=319"},"modified":"2023-03-15T12:52:55","modified_gmt":"2023-03-15T12:52:55","slug":"ueber-poolfolien-online","status":"publish","type":"page","link":"https:\/\/poolfolien.online\/?page_id=319","title":{"rendered":"\u00dcber Poolfolien.online"},"content":{"rendered":"\t\t<div data-elementor-type=\"wp-page\" data-elementor-id=\"319\" class=\"elementor elementor-319\" data-elementor-post-type=\"page\">\n\t\t\t\t\t\t<section class=\"elementor-section elementor-top-section elementor-element elementor-element-12675a29 elementor-section-content-middle elementor-section-stretched elementor-section-full_width elementor-section-height-default elementor-section-height-default\" data-id=\"12675a29\" data-element_type=\"section\" data-e-type=\"section\" data-settings=\"{&quot;background_background&quot;:&quot;classic&quot;,&quot;stretch_section&quot;:&quot;section-stretched&quot;}\">\n\t\t\t\t\t\t<div class=\"elementor-container elementor-column-gap-no\">\n\t\t\t\t\t<div class=\"elementor-column elementor-col-100 elementor-top-column elementor-element elementor-element-648ea149\" data-id=\"648ea149\" data-element_type=\"column\" data-e-type=\"column\" data-settings=\"{&quot;background_background&quot;:&quot;classic&quot;}\">\n\t\t\t<div class=\"elementor-widget-wrap elementor-element-populated\">\n\t\t\t\t\t\t<div class=\"elementor-element elementor-element-f946f14 elementor-invisible elementor-widget elementor-widget-image\" data-id=\"f946f14\" data-element_type=\"widget\" data-e-type=\"widget\" data-settings=\"{&quot;_animation&quot;:&quot;fadeIn&quot;,&quot;_animation_delay&quot;:500}\" data-widget_type=\"image.default\">\n\t\t\t\t<div class=\"elementor-widget-container\">\n\t\t\t\t\t\t\t\t\t\t\t\t\t\t\t<img decoding=\"async\" src=\"https:\/\/poolfolien.online\/wp-content\/uploads\/elementor\/thumbs\/Poolfolie_Treppe-q0w01ohkmt5yvk9f3ei434qriv1h7aenvteoqcuba8.jpg\" title=\"Poolfolie_Treppe.jpg\" alt=\"Poolfolie_Treppe.jpg\" loading=\"lazy\" \/>\t\t\t\t\t\t\t\t\t\t\t\t\t\t\t<\/div>\n\t\t\t\t<\/div>\n\t\t\t\t<section class=\"elementor-section elementor-inner-section elementor-element elementor-element-27c5328a elementor-section-boxed elementor-section-height-default elementor-section-height-default\" data-id=\"27c5328a\" data-element_type=\"section\" data-e-type=\"section\">\n\t\t\t\t\t\t<div class=\"elementor-container elementor-column-gap-wider\">\n\t\t\t\t\t<div class=\"elementor-column elementor-col-100 elementor-inner-column elementor-element elementor-element-f52279a\" data-id=\"f52279a\" data-element_type=\"column\" data-e-type=\"column\" data-settings=\"{&quot;background_background&quot;:&quot;classic&quot;}\">\n\t\t\t<div class=\"elementor-widget-wrap elementor-element-populated\">\n\t\t\t\t\t\t<div class=\"elementor-element elementor-element-7be6cf6f elementor-invisible elementor-widget elementor-widget-heading\" data-id=\"7be6cf6f\" data-element_type=\"widget\" data-e-type=\"widget\" data-settings=\"{&quot;_animation&quot;:&quot;fadeIn&quot;}\" data-widget_type=\"heading.default\">\n\t\t\t\t<div class=\"elementor-widget-container\">\n\t\t\t\t\t<h5 class=\"elementor-heading-title elementor-size-medium\">POOLFOLIEN.ONLINE<\/h5>\t\t\t\t<\/div>\n\t\t\t\t<\/div>\n\t\t\t\t<div class=\"elementor-element elementor-element-66e2cd5a elementor-invisible elementor-widget elementor-widget-heading\" data-id=\"66e2cd5a\" data-element_type=\"widget\" data-e-type=\"widget\" data-settings=\"{&quot;_animation&quot;:&quot;fadeIn&quot;}\" data-widget_type=\"heading.default\">\n\t\t\t\t<div class=\"elementor-widget-container\">\n\t\t\t\t\t<h2 class=\"elementor-heading-title elementor-size-xxl\">Ihr Poolfolien-Spezialist<\/h2>\t\t\t\t<\/div>\n\t\t\t\t<\/div>\n\t\t\t\t<div class=\"elementor-element elementor-element-55724136 elementor-widget-divider--view-line elementor-invisible elementor-widget elementor-widget-divider\" data-id=\"55724136\" data-element_type=\"widget\" data-e-type=\"widget\" data-settings=\"{&quot;_animation&quot;:&quot;fadeInUp&quot;}\" data-widget_type=\"divider.default\">\n\t\t\t\t<div class=\"elementor-widget-container\">\n\t\t\t\t\t\t\t<div class=\"elementor-divider\">\n\t\t\t<span class=\"elementor-divider-separator\">\n\t\t\t\t\t\t<\/span>\n\t\t<\/div>\n\t\t\t\t\t\t<\/div>\n\t\t\t\t<\/div>\n\t\t\t\t<div class=\"elementor-element elementor-element-22a48a49 elementor-widget elementor-widget-text-editor\" data-id=\"22a48a49\" data-element_type=\"widget\" data-e-type=\"widget\" data-widget_type=\"text-editor.default\">\n\t\t\t\t<div class=\"elementor-widget-container\">\n\t\t\t\t\t\t\t\t\t<p><br><\/p>\n<p>Sie m\u00f6chten Ihren eigenen Pool bauen oder einen bereits bestehenden Pool sanieren? Wir begleiten Sie beim wichtigsten Schritt Ihres Poolprojekts: der Wahl Ihrer ma\u00dfgefertigten Poolfolie.<\/p>\n<p>Was gilt es hier zu ber\u00fccksichtigen? Beginnend mit dem individuellen Design Ihres Pools \u00fcber die im Sortiment verf\u00fcgbaren Farben und Muster der Folie bis hin zu Fragen der Folienst\u00e4rke beraten wir Sie umfassend und sachkundig; auch Abw\u00e4gungen technischer Art wie die unterschiedlichen Methoden der Befestigung einer Poolfolie kommen bei uns nicht zu kurz. Ziel ist die gelungene Verlegung Ihrer neuen Poolfolie &#8211; f\u00fcr einen strahlend sch\u00f6nen Pool, um den man Sie beneiden wird.&nbsp;<\/p>\n<p>Aufgrund von mehr als 25 Jahren Erfahrung auf dem internationalen Schwimmbadmarkt garantieren wir Ihnen allerbeste Beratung: Wir nehmen uns Zeit, die verschiedenen Optionen mit Ihnen zu besprechen, das F\u00fcr und Wider abzuw\u00e4gen und Sie auf dem Weg zu Ihrem Traumpool zu begleiten.&nbsp;<\/p>\n<p><\/p>\n<p>Poolfolien.online ist Teil der Pools Direct GmbH, die ihren Firmensitz im fr\u00e4nkischen Ebermannstadt hat.&nbsp;&nbsp;<\/p>\n<p>\u00dcber die E-Commerce Webseite poolsdirect.de bzw. \u00fcber die Gesch\u00e4ftsr\u00e4ume vor Ort vertreiben wir Pools, Whirlpools, Poolabdeckungen und Pool-Equipment an Poolbesitzer im n\u00e4heren und weiteren Umkreis.&nbsp;<\/p>\t\t\t\t\t\t\t\t<\/div>\n\t\t\t\t<\/div>\n\t\t\t\t<div class=\"elementor-element elementor-element-3885b072 elementor-align-center elementor-mobile-align-left elementor-invisible elementor-widget elementor-widget-button\" data-id=\"3885b072\" data-element_type=\"widget\" data-e-type=\"widget\" data-settings=\"{&quot;_animation&quot;:&quot;fadeInUp&quot;,&quot;_animation_delay&quot;:800}\" data-widget_type=\"button.default\">\n\t\t\t\t<div class=\"elementor-widget-container\">\n\t\t\t\t\t\t\t\t\t<div class=\"elementor-button-wrapper\">\n\t\t\t\t\t<a class=\"elementor-button elementor-button-link elementor-size-md elementor-animation-float\" href=\"https:\/\/poolfolien.online\/?page_id=256\">\n\t\t\t\t\t\t<span class=\"elementor-button-content-wrapper\">\n\t\t\t\t\t\t<span class=\"elementor-button-icon\">\n\t\t\t\t<i aria-hidden=\"true\" class=\"fas fa-long-arrow-alt-right\"><\/i>\t\t\t<\/span>\n\t\t\t\t\t\t\t\t\t<span class=\"elementor-button-text\">K O N T A K T<\/span>\n\t\t\t\t\t<\/span>\n\t\t\t\t\t<\/a>\n\t\t\t\t<\/div>\n\t\t\t\t\t\t\t\t<\/div>\n\t\t\t\t<\/div>\n\t\t\t\t\t<\/div>\n\t\t<\/div>\n\t\t\t\t\t<\/div>\n\t\t<\/section>\n\t\t\t\t\t<\/div>\n\t\t<\/div>\n\t\t\t\t\t<\/div>\n\t\t<\/section>\n\t\t\t\t<section class=\"elementor-section elementor-top-section elementor-element elementor-element-2e07df17 elementor-section-boxed elementor-section-height-default elementor-section-height-default\" data-id=\"2e07df17\" data-element_type=\"section\" data-e-type=\"section\">\n\t\t\t\t\t\t<div class=\"elementor-container elementor-column-gap-default\">\n\t\t\t\t\t<div class=\"elementor-column elementor-col-100 elementor-top-column elementor-element elementor-element-4323e27c\" data-id=\"4323e27c\" data-element_type=\"column\" data-e-type=\"column\">\n\t\t\t<div class=\"elementor-widget-wrap\">\n\t\t\t\t\t\t\t<\/div>\n\t\t<\/div>\n\t\t\t\t\t<\/div>\n\t\t<\/section>\n\t\t\t\t<\/div>\n\t\t","protected":false},"excerpt":{"rendered":"<p>POOLFOLIEN.ONLINE Ihr Poolfolien-Spezialist Sie m\u00f6chten Ihren eigenen Pool bauen oder einen bereits bestehenden Pool sanieren? Wir begleiten Sie beim wichtigsten Schritt Ihres Poolprojekts: der Wahl Ihrer ma\u00dfgefertigten Poolfolie. Was gilt es hier zu ber\u00fccksichtigen? Beginnend mit dem individuellen Design Ihres Pools \u00fcber die im Sortiment verf\u00fcgbaren Farben und Muster der Folie bis hin zu Fragen [&hellip;]<\/p>\n","protected":false},"author":1,"featured_media":0,"parent":0,"menu_order":0,"comment_status":"closed","ping_status":"closed","template":"elementor_header_footer","meta":{"footnotes":""},"class_list":["post-319","page","type-page","status-publish","hentry","entry"],"yoast_head":"<!-- This site is optimized with the Yoast SEO Premium plugin v23.1 (Yoast SEO v27.4) - https:\/\/yoast.com\/product\/yoast-seo-premium-wordpress\/ -->\n<title>\u00dcber Poolfolien.online - Poolfolien.online<\/title>\n<meta name=\"description\" content=\"Der Poolfachh\u00e4ndler mit 25 Jahre Erfahrung. Bestellen Sie Ihre neue Poolfolie bequem und direkt mit unserem Konfigurator.\" \/>\n<meta name=\"robots\" content=\"index, follow, max-snippet:-1, max-image-preview:large, max-video-preview:-1\" \/>\n<link rel=\"canonical\" href=\"https:\/\/poolfolien.online\/?page_id=319\" \/>\n<meta property=\"og:locale\" content=\"de_DE\" \/>\n<meta property=\"og:type\" content=\"article\" \/>\n<meta property=\"og:title\" content=\"\u00dcber Poolfolien.online\" \/>\n<meta property=\"og:description\" content=\"Der Poolfachh\u00e4ndler mit 25 Jahre Erfahrung. Bestellen Sie Ihre neue Poolfolie bequem und direkt mit unserem Konfigurator.\" \/>\n<meta property=\"og:url\" content=\"https:\/\/poolfolien.online\/?page_id=319\" \/>\n<meta property=\"og:site_name\" content=\"Poolfolien.online\" \/>\n<meta property=\"article:publisher\" content=\"https:\/\/www.facebook.com\/profile.php?id=100088498114341\" \/>\n<meta property=\"article:modified_time\" content=\"2023-03-15T12:52:55+00:00\" \/>\n<meta property=\"og:image\" content=\"https:\/\/poolfolien.online\/wp-content\/uploads\/elementor\/thumbs\/Poolfolie_Treppe-q0w01ohkmt5yvk9f3ei434qriv1h7aenvteokc4j34.jpg\" \/>\n<meta name=\"twitter:card\" content=\"summary_large_image\" \/>\n<meta name=\"twitter:label1\" content=\"Gesch\u00e4tzte Lesezeit\" \/>\n\t<meta name=\"twitter:data1\" content=\"2\u00a0Minuten\" \/>\n<script type=\"application\/ld+json\" class=\"yoast-schema-graph\">{\"@context\":\"https:\\\/\\\/schema.org\",\"@graph\":[{\"@type\":\"WebPage\",\"@id\":\"https:\\\/\\\/poolfolien.online\\\/?page_id=319\",\"url\":\"https:\\\/\\\/poolfolien.online\\\/?page_id=319\",\"name\":\"\u00dcber Poolfolien.online - Poolfolien.online\",\"isPartOf\":{\"@id\":\"https:\\\/\\\/poolfolien.online\\\/#website\"},\"primaryImageOfPage\":{\"@id\":\"https:\\\/\\\/poolfolien.online\\\/?page_id=319#primaryimage\"},\"image\":{\"@id\":\"https:\\\/\\\/poolfolien.online\\\/?page_id=319#primaryimage\"},\"thumbnailUrl\":\"https:\\\/\\\/poolfolien.online\\\/wp-content\\\/uploads\\\/elementor\\\/thumbs\\\/Poolfolie_Treppe-q0w01ohkmt5yvk9f3ei434qriv1h7aenvteokc4j34.jpg\",\"datePublished\":\"2023-01-19T11:03:50+00:00\",\"dateModified\":\"2023-03-15T12:52:55+00:00\",\"description\":\"Der Poolfachh\u00e4ndler mit 25 Jahre Erfahrung. Bestellen Sie Ihre neue Poolfolie bequem und direkt mit unserem Konfigurator.\",\"breadcrumb\":{\"@id\":\"https:\\\/\\\/poolfolien.online\\\/?page_id=319#breadcrumb\"},\"inLanguage\":\"de\",\"potentialAction\":[{\"@type\":\"ReadAction\",\"target\":[\"https:\\\/\\\/poolfolien.online\\\/?page_id=319\"]}]},{\"@type\":\"ImageObject\",\"inLanguage\":\"de\",\"@id\":\"https:\\\/\\\/poolfolien.online\\\/?page_id=319#primaryimage\",\"url\":\"https:\\\/\\\/poolfolien.online\\\/wp-content\\\/uploads\\\/elementor\\\/thumbs\\\/Poolfolie_Treppe-q0w01ohkmt5yvk9f3ei434qriv1h7aenvteokc4j34.jpg\",\"contentUrl\":\"https:\\\/\\\/poolfolien.online\\\/wp-content\\\/uploads\\\/elementor\\\/thumbs\\\/Poolfolie_Treppe-q0w01ohkmt5yvk9f3ei434qriv1h7aenvteokc4j34.jpg\"},{\"@type\":\"BreadcrumbList\",\"@id\":\"https:\\\/\\\/poolfolien.online\\\/?page_id=319#breadcrumb\",\"itemListElement\":[{\"@type\":\"ListItem\",\"position\":1,\"name\":\"Home\",\"item\":\"https:\\\/\\\/poolfolien.online\\\/\"},{\"@type\":\"ListItem\",\"position\":2,\"name\":\"\u00dcber Poolfolien.online\"}]},{\"@type\":\"WebSite\",\"@id\":\"https:\\\/\\\/poolfolien.online\\\/#website\",\"url\":\"https:\\\/\\\/poolfolien.online\\\/\",\"name\":\"Poolfolien.online\",\"description\":\"Poolfolien bequem &amp; direkt bestellen\",\"publisher\":{\"@id\":\"https:\\\/\\\/poolfolien.online\\\/#organization\"},\"potentialAction\":[{\"@type\":\"SearchAction\",\"target\":{\"@type\":\"EntryPoint\",\"urlTemplate\":\"https:\\\/\\\/poolfolien.online\\\/?s={search_term_string}\"},\"query-input\":{\"@type\":\"PropertyValueSpecification\",\"valueRequired\":true,\"valueName\":\"search_term_string\"}}],\"inLanguage\":\"de\"},{\"@type\":\"Organization\",\"@id\":\"https:\\\/\\\/poolfolien.online\\\/#organization\",\"name\":\"Poolfolien Online\",\"url\":\"https:\\\/\\\/poolfolien.online\\\/\",\"logo\":{\"@type\":\"ImageObject\",\"inLanguage\":\"de\",\"@id\":\"https:\\\/\\\/poolfolien.online\\\/#\\\/schema\\\/logo\\\/image\\\/\",\"url\":\"https:\\\/\\\/chrea0.n3cdn1.secureserver.net\\\/wp-content\\\/uploads\\\/2023\\\/02\\\/Poolfolien_Favicon.png?time=1677505296\",\"contentUrl\":\"https:\\\/\\\/chrea0.n3cdn1.secureserver.net\\\/wp-content\\\/uploads\\\/2023\\\/02\\\/Poolfolien_Favicon.png?time=1677505296\",\"width\":373,\"height\":544,\"caption\":\"Poolfolien Online\"},\"image\":{\"@id\":\"https:\\\/\\\/poolfolien.online\\\/#\\\/schema\\\/logo\\\/image\\\/\"},\"sameAs\":[\"https:\\\/\\\/www.facebook.com\\\/profile.php?id=100088498114341\"]}]}<\/script>\n<!-- \/ Yoast SEO Premium plugin. -->","yoast_head_json":{"title":"\u00dcber Poolfolien.online - Poolfolien.online","description":"Der Poolfachh\u00e4ndler mit 25 Jahre Erfahrung. Bestellen Sie Ihre neue Poolfolie bequem und direkt mit unserem Konfigurator.","robots":{"index":"index","follow":"follow","max-snippet":"max-snippet:-1","max-image-preview":"max-image-preview:large","max-video-preview":"max-video-preview:-1"},"canonical":"https:\/\/poolfolien.online\/?page_id=319","og_locale":"de_DE","og_type":"article","og_title":"\u00dcber Poolfolien.online","og_description":"Der Poolfachh\u00e4ndler mit 25 Jahre Erfahrung. Bestellen Sie Ihre neue Poolfolie bequem und direkt mit unserem Konfigurator.","og_url":"https:\/\/poolfolien.online\/?page_id=319","og_site_name":"Poolfolien.online","article_publisher":"https:\/\/www.facebook.com\/profile.php?id=100088498114341","article_modified_time":"2023-03-15T12:52:55+00:00","og_image":[{"url":"https:\/\/poolfolien.online\/wp-content\/uploads\/elementor\/thumbs\/Poolfolie_Treppe-q0w01ohkmt5yvk9f3ei434qriv1h7aenvteokc4j34.jpg","type":"","width":"","height":""}],"twitter_card":"summary_large_image","twitter_misc":{"Gesch\u00e4tzte Lesezeit":"2\u00a0Minuten"},"schema":{"@context":"https:\/\/schema.org","@graph":[{"@type":"WebPage","@id":"https:\/\/poolfolien.online\/?page_id=319","url":"https:\/\/poolfolien.online\/?page_id=319","name":"\u00dcber Poolfolien.online - Poolfolien.online","isPartOf":{"@id":"https:\/\/poolfolien.online\/#website"},"primaryImageOfPage":{"@id":"https:\/\/poolfolien.online\/?page_id=319#primaryimage"},"image":{"@id":"https:\/\/poolfolien.online\/?page_id=319#primaryimage"},"thumbnailUrl":"https:\/\/poolfolien.online\/wp-content\/uploads\/elementor\/thumbs\/Poolfolie_Treppe-q0w01ohkmt5yvk9f3ei434qriv1h7aenvteokc4j34.jpg","datePublished":"2023-01-19T11:03:50+00:00","dateModified":"2023-03-15T12:52:55+00:00","description":"Der Poolfachh\u00e4ndler mit 25 Jahre Erfahrung. Bestellen Sie Ihre neue Poolfolie bequem und direkt mit unserem Konfigurator.","breadcrumb":{"@id":"https:\/\/poolfolien.online\/?page_id=319#breadcrumb"},"inLanguage":"de","potentialAction":[{"@type":"ReadAction","target":["https:\/\/poolfolien.online\/?page_id=319"]}]},{"@type":"ImageObject","inLanguage":"de","@id":"https:\/\/poolfolien.online\/?page_id=319#primaryimage","url":"https:\/\/poolfolien.online\/wp-content\/uploads\/elementor\/thumbs\/Poolfolie_Treppe-q0w01ohkmt5yvk9f3ei434qriv1h7aenvteokc4j34.jpg","contentUrl":"https:\/\/poolfolien.online\/wp-content\/uploads\/elementor\/thumbs\/Poolfolie_Treppe-q0w01ohkmt5yvk9f3ei434qriv1h7aenvteokc4j34.jpg"},{"@type":"BreadcrumbList","@id":"https:\/\/poolfolien.online\/?page_id=319#breadcrumb","itemListElement":[{"@type":"ListItem","position":1,"name":"Home","item":"https:\/\/poolfolien.online\/"},{"@type":"ListItem","position":2,"name":"\u00dcber Poolfolien.online"}]},{"@type":"WebSite","@id":"https:\/\/poolfolien.online\/#website","url":"https:\/\/poolfolien.online\/","name":"Poolfolien.online","description":"Poolfolien bequem &amp; direkt bestellen","publisher":{"@id":"https:\/\/poolfolien.online\/#organization"},"potentialAction":[{"@type":"SearchAction","target":{"@type":"EntryPoint","urlTemplate":"https:\/\/poolfolien.online\/?s={search_term_string}"},"query-input":{"@type":"PropertyValueSpecification","valueRequired":true,"valueName":"search_term_string"}}],"inLanguage":"de"},{"@type":"Organization","@id":"https:\/\/poolfolien.online\/#organization","name":"Poolfolien Online","url":"https:\/\/poolfolien.online\/","logo":{"@type":"ImageObject","inLanguage":"de","@id":"https:\/\/poolfolien.online\/#\/schema\/logo\/image\/","url":"https:\/\/chrea0.n3cdn1.secureserver.net\/wp-content\/uploads\/2023\/02\/Poolfolien_Favicon.png?time=1677505296","contentUrl":"https:\/\/chrea0.n3cdn1.secureserver.net\/wp-content\/uploads\/2023\/02\/Poolfolien_Favicon.png?time=1677505296","width":373,"height":544,"caption":"Poolfolien Online"},"image":{"@id":"https:\/\/poolfolien.online\/#\/schema\/logo\/image\/"},"sameAs":["https:\/\/www.facebook.com\/profile.php?id=100088498114341"]}]}},"_links":{"self":[{"href":"https:\/\/poolfolien.online\/index.php?rest_route=\/wp\/v2\/pages\/319","targetHints":{"allow":["GET"]}}],"collection":[{"href":"https:\/\/poolfolien.online\/index.php?rest_route=\/wp\/v2\/pages"}],"about":[{"href":"https:\/\/poolfolien.online\/index.php?rest_route=\/wp\/v2\/types\/page"}],"author":[{"embeddable":true,"href":"https:\/\/poolfolien.online\/index.php?rest_route=\/wp\/v2\/users\/1"}],"replies":[{"embeddable":true,"href":"https:\/\/poolfolien.online\/index.php?rest_route=%2Fwp%2Fv2%2Fcomments&post=319"}],"version-history":[{"count":15,"href":"https:\/\/poolfolien.online\/index.php?rest_route=\/wp\/v2\/pages\/319\/revisions"}],"predecessor-version":[{"id":1553,"href":"https:\/\/poolfolien.online\/index.php?rest_route=\/wp\/v2\/pages\/319\/revisions\/1553"}],"wp:attachment":[{"href":"https:\/\/poolfolien.online\/index.php?rest_route=%2Fwp%2Fv2%2Fmedia&parent=319"}],"curies":[{"name":"wp","href":"https:\/\/api.w.org\/{rel}","templated":true}]}}