{"id":268,"date":"2023-01-19T11:03:29","date_gmt":"2023-01-19T11:03:29","guid":{"rendered":"https:\/\/poolfolien.online\/?page_id=268"},"modified":"2023-03-15T13:51:37","modified_gmt":"2023-03-15T13:51:37","slug":"versand","status":"publish","type":"page","link":"https:\/\/poolfolien.online\/?page_id=268","title":{"rendered":"Versandinformation"},"content":{"rendered":"\t\t<div data-elementor-type=\"wp-page\" data-elementor-id=\"268\" class=\"elementor elementor-268\" data-elementor-post-type=\"page\">\n\t\t\t\t\t\t<section class=\"elementor-section elementor-top-section elementor-element elementor-element-5185d14e elementor-section-boxed elementor-section-height-default elementor-section-height-default\" data-id=\"5185d14e\" data-element_type=\"section\" data-e-type=\"section\">\n\t\t\t\t\t\t<div class=\"elementor-container elementor-column-gap-default\">\n\t\t\t\t\t<div class=\"elementor-column elementor-col-100 elementor-top-column elementor-element elementor-element-5c91ade3\" data-id=\"5c91ade3\" data-element_type=\"column\" data-e-type=\"column\">\n\t\t\t<div class=\"elementor-widget-wrap elementor-element-populated\">\n\t\t\t\t\t\t<div class=\"elementor-element elementor-element-689d92cb elementor-widget elementor-widget-text-editor\" data-id=\"689d92cb\" data-element_type=\"widget\" data-e-type=\"widget\" data-widget_type=\"text-editor.default\">\n\t\t\t\t<div class=\"elementor-widget-container\">\n\t\t\t\t\t\t\t\t\t\n<div id=\"wp-block-themeisle-blocks-advanced-columns-9912998c\" class=\"wp-block-themeisle-blocks-advanced-columns has-0-columns has-desktop-undefined-layout has-tablet-equal-layout has-mobile-equal-layout has-vertical-unset\"><div class=\"wp-block-themeisle-blocks-advanced-columns-overlay\"><\/div><div class=\"innerblocks-wrap\"><\/div><\/div>\n\t\t\t\t\t\t\t\t<\/div>\n\t\t\t\t<\/div>\n\t\t\t\t\t<\/div>\n\t\t<\/div>\n\t\t\t\t\t<\/div>\n\t\t<\/section>\n\t\t\t\t<section class=\"elementor-section elementor-top-section elementor-element elementor-element-6968466d elementor-section-full_width elementor-section-content-middle elementor-section-height-default elementor-section-height-default\" data-id=\"6968466d\" data-element_type=\"section\" data-e-type=\"section\" data-settings=\"{&quot;shape_divider_top&quot;:&quot;waves&quot;}\">\n\t\t\t\t\t<div class=\"elementor-shape elementor-shape-top\" aria-hidden=\"true\" data-negative=\"false\">\n\t\t\t<svg xmlns=\"http:\/\/www.w3.org\/2000\/svg\" viewBox=\"0 0 1000 100\" preserveAspectRatio=\"none\">\n\t<path class=\"elementor-shape-fill\" d=\"M421.9,6.5c22.6-2.5,51.5,0.4,75.5,5.3c23.6,4.9,70.9,23.5,100.5,35.7c75.8,32.2,133.7,44.5,192.6,49.7\n\tc23.6,2.1,48.7,3.5,103.4-2.5c54.7-6,106.2-25.6,106.2-25.6V0H0v30.3c0,0,72,32.6,158.4,30.5c39.2-0.7,92.8-6.7,134-22.4\n\tc21.2-8.1,52.2-18.2,79.7-24.2C399.3,7.9,411.6,7.5,421.9,6.5z\"\/>\n<\/svg>\t\t<\/div>\n\t\t\t\t\t<div class=\"elementor-container elementor-column-gap-default\">\n\t\t\t\t\t<div class=\"elementor-column elementor-col-33 elementor-top-column elementor-element elementor-element-225ac299\" data-id=\"225ac299\" data-element_type=\"column\" data-e-type=\"column\">\n\t\t\t<div class=\"elementor-widget-wrap elementor-element-populated\">\n\t\t\t\t\t\t<div class=\"elementor-element elementor-element-213da6aa elementor-widget elementor-widget-image\" data-id=\"213da6aa\" data-element_type=\"widget\" data-e-type=\"widget\" data-widget_type=\"image.default\">\n\t\t\t\t<div class=\"elementor-widget-container\">\n\t\t\t\t\t\t\t\t\t\t\t\t\t\t\t\t<a href=\"https:\/\/poolfolien.online\/\">\n\t\t\t\t\t\t\t<img decoding=\"async\" width=\"300\" height=\"84\" src=\"https:\/\/poolfolien.online\/wp-content\/uploads\/2023\/01\/Poolfolien_Logo-removebg-preview-1-300x84.png\" class=\"attachment-medium size-medium wp-image-24\" alt=\"Poolfolien Online\" srcset=\"https:\/\/poolfolien.online\/wp-content\/uploads\/2023\/01\/Poolfolien_Logo-removebg-preview-1-300x84.png 300w, https:\/\/poolfolien.online\/wp-content\/uploads\/2023\/01\/Poolfolien_Logo-removebg-preview-1-768x216.png 768w, https:\/\/poolfolien.online\/wp-content\/uploads\/2023\/01\/Poolfolien_Logo-removebg-preview-1.png 941w\" sizes=\"(max-width: 300px) 100vw, 300px\" \/>\t\t\t\t\t\t\t\t<\/a>\n\t\t\t\t\t\t\t\t\t\t\t\t\t\t\t<\/div>\n\t\t\t\t<\/div>\n\t\t\t\t\t<\/div>\n\t\t<\/div>\n\t\t\t\t<div class=\"elementor-column elementor-col-33 elementor-top-column elementor-element elementor-element-656b52ba\" data-id=\"656b52ba\" data-element_type=\"column\" data-e-type=\"column\">\n\t\t\t<div class=\"elementor-widget-wrap\">\n\t\t\t\t\t\t\t<\/div>\n\t\t<\/div>\n\t\t\t\t<div class=\"elementor-column elementor-col-33 elementor-top-column elementor-element elementor-element-5d68c556\" data-id=\"5d68c556\" data-element_type=\"column\" data-e-type=\"column\">\n\t\t\t<div class=\"elementor-widget-wrap elementor-element-populated\">\n\t\t\t\t\t\t<div class=\"elementor-element elementor-element-5cf625a3 elementor-widget elementor-widget-elementskit-header-search\" data-id=\"5cf625a3\" data-element_type=\"widget\" data-e-type=\"widget\" data-widget_type=\"elementskit-header-search.default\">\n\t\t\t\t<div class=\"elementor-widget-container\">\n\t\t\t\t\t<div class=\"ekit-wid-con\" >        <a href=\"#ekit_modal-popup-5cf625a3\" class=\"ekit_navsearch-button ekit-modal-popup\" aria-label=\"navsearch-button\">\n            <i aria-hidden=\"true\" class=\"icon icon-search\"><\/i>        <\/a>\n        <!-- language switcher strart -->\n        <!-- xs modal -->\n        <div class=\"zoom-anim-dialog mfp-hide ekit_modal-searchPanel\" id=\"ekit_modal-popup-5cf625a3\">\n            <div class=\"ekit-search-panel\">\n            <!-- Polylang search - thanks to Alain Melsens -->\n                <form role=\"search\" method=\"get\" class=\"ekit-search-group\" action=\"https:\/\/poolfolien.online\/\">\n                    <input type=\"search\" class=\"ekit_search-field\" aria-label=\"search-form\" placeholder=\"Search...\" value=\"\" name=\"s\">\n\t\t\t\t\t<button type=\"submit\" class=\"ekit_search-button\" aria-label=\"search-button\">\n                        <i aria-hidden=\"true\" class=\"icon icon-search\"><\/i>                    <\/button>\n                <\/form>\n            <\/div>\n        <\/div><!-- End xs modal -->\n        <!-- end language switcher strart -->\n        <\/div>\t\t\t\t<\/div>\n\t\t\t\t<\/div>\n\t\t\t\t\t<\/div>\n\t\t<\/div>\n\t\t\t\t\t<\/div>\n\t\t<\/section>\n\t\t\t\t<section class=\"elementor-section elementor-top-section elementor-element elementor-element-781588cc elementor-section-boxed elementor-section-height-default elementor-section-height-default\" data-id=\"781588cc\" data-element_type=\"section\" data-e-type=\"section\" data-settings=\"{&quot;background_background&quot;:&quot;classic&quot;,&quot;shape_divider_top&quot;:&quot;waves&quot;}\">\n\t\t\t\t\t\t\t<div class=\"elementor-background-overlay\"><\/div>\n\t\t\t\t\t\t<div class=\"elementor-shape elementor-shape-top\" aria-hidden=\"true\" data-negative=\"false\">\n\t\t\t<svg xmlns=\"http:\/\/www.w3.org\/2000\/svg\" viewBox=\"0 0 1000 100\" preserveAspectRatio=\"none\">\n\t<path class=\"elementor-shape-fill\" d=\"M421.9,6.5c22.6-2.5,51.5,0.4,75.5,5.3c23.6,4.9,70.9,23.5,100.5,35.7c75.8,32.2,133.7,44.5,192.6,49.7\n\tc23.6,2.1,48.7,3.5,103.4-2.5c54.7-6,106.2-25.6,106.2-25.6V0H0v30.3c0,0,72,32.6,158.4,30.5c39.2-0.7,92.8-6.7,134-22.4\n\tc21.2-8.1,52.2-18.2,79.7-24.2C399.3,7.9,411.6,7.5,421.9,6.5z\"\/>\n<\/svg>\t\t<\/div>\n\t\t\t\t\t<div class=\"elementor-container elementor-column-gap-default\">\n\t\t\t\t\t<div class=\"elementor-column elementor-col-100 elementor-top-column elementor-element elementor-element-41842b17\" data-id=\"41842b17\" data-element_type=\"column\" data-e-type=\"column\">\n\t\t\t<div class=\"elementor-widget-wrap elementor-element-populated\">\n\t\t\t\t\t<div class=\"elementor-background-overlay\"><\/div>\n\t\t\t\t\t\t<section class=\"elementor-section elementor-inner-section elementor-element elementor-element-4982454e elementor-section-boxed elementor-section-height-default elementor-section-height-default\" data-id=\"4982454e\" data-element_type=\"section\" data-e-type=\"section\">\n\t\t\t\t\t\t<div class=\"elementor-container elementor-column-gap-default\">\n\t\t\t\t\t<div class=\"elementor-column elementor-col-100 elementor-inner-column elementor-element elementor-element-513ec3dd\" data-id=\"513ec3dd\" data-element_type=\"column\" data-e-type=\"column\">\n\t\t\t<div class=\"elementor-widget-wrap elementor-element-populated\">\n\t\t\t\t\t\t\t<\/div>\n\t\t<\/div>\n\t\t\t\t\t<\/div>\n\t\t<\/section>\n\t\t\t\t<div class=\"elementor-element elementor-element-141e0cfb elementor-widget elementor-widget-text-editor\" data-id=\"141e0cfb\" data-element_type=\"widget\" data-e-type=\"widget\" data-widget_type=\"text-editor.default\">\n\t\t\t\t<div class=\"elementor-widget-container\">\n\t\t\t\t\t\t\t\t\t<div class=\"container index-heading-wrapper \">\n<h1><span style=\"color: #ffffff;\">Versandinformationen<\/span><\/h1>\n<\/div>\n<div class=\"container link-content \">\n<p><span style=\"color: #ffffff;\"><strong>Versandbedingungen<\/strong><\/span><br><span style=\"color: #ffffff;\">Die Lieferung erfolgt im Inland (Deutschland). Lieferung nach \u00d6sterreich auf Anfrage.<\/span><br><span style=\"color: #ffffff;\">Der Versand auf deutsche und&nbsp;ausl\u00e4ndische Inseln ist grunds\u00e4tzlich ausgeschlossen. Ebenso ausgeschlossen sind Packstationen.<\/span><br><span style=\"color: #ffffff;\">&nbsp;<\/span><\/p>\n<p><span style=\"color: #ffffff;\">Poolsets werden per Spedition&nbsp;<strong>versandkostenfrei frei Bordsteinkante geliefert<\/strong>.<\/span><\/p>\n<p><span style=\"color: #ffffff;\">Die Lieferung erfolgt mittels LKW und &#8222;frei Bordsteinkante&#8220;.<\/span><\/p>\n<p><span style=\"color: #ffffff;\">Es werden bei sperrigen Artikeln wie zum Beispiel Poolsets, \u00dcberdachungen&nbsp;und Lamellenabdeckungen grunds\u00e4tzlich Helfer ben\u00f6tigt, die beim Abladen helfen und vom Kunden zu stellen sind.<\/span><\/p>\n<p><span style=\"color: #ffffff;\">Bitte beachten Sie, dass eine Anlieferung der Ware an die Lieferadresse \u201efrei Bordsteinkante\u201c aufgrund der fehlenden Befahrbarkeit mit dem LKW durch die Spedition in den folgenden F\u00e4llen nicht erfolgen kann:<\/span><\/p>\n<p><span style=\"color: #ffffff;\">&#8211; Die Lieferadresse befindet sich in einer Stra\u00dfe und\/ oder&nbsp;kann nur \u00fcber eine Stra\u00dfe erreicht werden, deren Befahrbarkeit f\u00fcr Fahrzeuge mit einem zul\u00e4ssigen Gesamtgewicht von 40\/20 Tonnen untersagt bzw. nicht geeignet ist, und\/ oder<\/span><br><span style=\"color: #ffffff;\">&#8211; Die Lieferadresse befindet sich in einer Stra\u00dfe bzw. kann nur \u00fcber eine Stra\u00dfe erreicht werden,&nbsp;die an einer bei der Lieferung zu passierenden Stelle im Zeitpunkt der Lieferung durch Hindernisse wie etwa parkende Fahrzeuge oder eine Baustelle eingeschr\u00e4nkt wird, und\/ oder<\/span><br><span style=\"color: #ffffff;\">&#8211; Die Lieferadresse befindet sich in einer Sackgasse.<\/span><\/p>\n<p><span style=\"color: #ffffff;\">Bitte beachten Sie, dass es erforderlich ist, dass Sie bei der Ablieferung der Ware durch die Spedition pers\u00f6nlich an der Lieferadresse anwesend sind.<\/span><\/p>\n<p><span style=\"color: #ffffff;\">Die einwandfreie&nbsp;Auslieferung der Ware ist schriftlich zu best\u00e4tigen.<\/span><\/p>\n<p><span style=\"color: #ffffff;\">Die&nbsp;Abladung der Ware ben\u00f6tigt Ihre Mithilfe, dass Sie den Mitarbeiter der Spedition bei dem Abladen der Ware vom LKW bis zur Bordsteinkante durch k\u00f6rperliche Mitarbeit unterst\u00fctzen. Sie m\u00fcssen daher k\u00f6rperlich im Stande sein, ein Gewicht von bis zu 30 Kilogramm heben zu k\u00f6nnen. Die ungef\u00e4hre Anzahl der ben\u00f6tigten Helfer teilen wir Ihnen vorab gerne mit.<\/span><\/p>\n<p><span style=\"color: #ffffff;\">Schlie\u00dflich ist zu beachten, dass kein konkreter Wunschzeitpunkt f\u00fcr die Anlieferung vereinbart werden kann. Die Spedition stimmt mit Ihnen eine Lieferung an einem Wunschtag von Montag bis Freitag (ausgenommen Feiertage) in einem Zeitfenster ab. Ihre Anwesenheit an der Lieferadresse ist w\u00e4hrend des gesamten Zeitfensters erforderlich. Eine genauere Eingrenzung des Lieferzeitpunkts ist leider nicht m\u00f6glich.<\/span><\/p>\n<p><\/p>\n<p><span style=\"color: #ffffff;\">Lieferzeiten<\/span><\/p>\n<p><span style=\"color: #ffffff;\">Bitte beachten Sie die in der Artikelbeschreibung angegebenen Lieferzeiten, die teilweise von den allgemeinen Lieferzeiten abweichen k\u00f6nnen &#8211; zum Beispiel wird bei einem Styroporpoolset die Folie getrennt und nachtr\u00e4glich geliefert; die Angaben&nbsp;zu den Lieferzeiten der Folie\/ Abdeckung werden auf der Produktseite des jeweiligen Produkts oder in der Beschreibung vermerkt.<\/span><\/p>\n<\/div>\t\t\t\t\t\t\t\t<\/div>\n\t\t\t\t<\/div>\n\t\t\t\t\t<\/div>\n\t\t<\/div>\n\t\t\t\t\t<\/div>\n\t\t<\/section>\n\t\t\t\t<\/div>\n\t\t","protected":false},"excerpt":{"rendered":"<p>Versandinformationen VersandbedingungenDie Lieferung erfolgt im Inland (Deutschland). Lieferung nach \u00d6sterreich auf Anfrage.Der Versand auf deutsche und&nbsp;ausl\u00e4ndische Inseln ist grunds\u00e4tzlich ausgeschlossen. Ebenso ausgeschlossen sind Packstationen.&nbsp; Poolsets werden per Spedition&nbsp;versandkostenfrei frei Bordsteinkante geliefert. Die Lieferung erfolgt mittels LKW und &#8222;frei Bordsteinkante&#8220;. Es werden bei sperrigen Artikeln wie zum Beispiel Poolsets, \u00dcberdachungen&nbsp;und Lamellenabdeckungen grunds\u00e4tzlich Helfer ben\u00f6tigt, die beim [&hellip;]<\/p>\n","protected":false},"author":1,"featured_media":0,"parent":0,"menu_order":0,"comment_status":"closed","ping_status":"closed","template":"elementor_canvas","meta":{"footnotes":""},"class_list":["post-268","page","type-page","status-publish","hentry","entry"],"yoast_head":"<!-- This site is optimized with the Yoast SEO Premium plugin v23.1 (Yoast SEO v27.4) - https:\/\/yoast.com\/product\/yoast-seo-premium-wordpress\/ -->\n<title>Versandinformation - Poolfolien.online<\/title>\n<meta name=\"description\" content=\"Bestellen Sie eine neue Poolfolie, bequem und direkt mit unserem Konfigurator. Versand Deutschland, \u00d6sterreich und Schweiz. Jetzt anfragen!\" \/>\n<meta name=\"robots\" content=\"index, follow, max-snippet:-1, max-image-preview:large, max-video-preview:-1\" \/>\n<link rel=\"canonical\" href=\"https:\/\/poolfolien.online\/?page_id=268\" \/>\n<meta property=\"og:locale\" content=\"de_DE\" \/>\n<meta property=\"og:type\" content=\"article\" \/>\n<meta property=\"og:title\" content=\"Versandinformation\" \/>\n<meta property=\"og:description\" content=\"Bestellen Sie eine neue Poolfolie, bequem und direkt mit unserem Konfigurator. Versand Deutschland, \u00d6sterreich und Schweiz. Jetzt anfragen!\" \/>\n<meta property=\"og:url\" content=\"https:\/\/poolfolien.online\/?page_id=268\" \/>\n<meta property=\"og:site_name\" content=\"Poolfolien.online\" \/>\n<meta property=\"article:publisher\" content=\"https:\/\/www.facebook.com\/profile.php?id=100088498114341\" \/>\n<meta property=\"article:modified_time\" content=\"2023-03-15T13:51:37+00:00\" \/>\n<meta property=\"og:image\" content=\"https:\/\/poolfolien.online\/wp-content\/uploads\/2023\/01\/Poolfolien_Logo-removebg-preview-1-300x84.png\" \/>\n<meta name=\"twitter:card\" content=\"summary_large_image\" \/>\n<meta name=\"twitter:label1\" content=\"Gesch\u00e4tzte Lesezeit\" \/>\n\t<meta name=\"twitter:data1\" content=\"3\u00a0Minuten\" \/>\n<script type=\"application\/ld+json\" class=\"yoast-schema-graph\">{\"@context\":\"https:\\\/\\\/schema.org\",\"@graph\":[{\"@type\":\"WebPage\",\"@id\":\"https:\\\/\\\/poolfolien.online\\\/?page_id=268\",\"url\":\"https:\\\/\\\/poolfolien.online\\\/?page_id=268\",\"name\":\"Versandinformation - Poolfolien.online\",\"isPartOf\":{\"@id\":\"https:\\\/\\\/poolfolien.online\\\/#website\"},\"primaryImageOfPage\":{\"@id\":\"https:\\\/\\\/poolfolien.online\\\/?page_id=268#primaryimage\"},\"image\":{\"@id\":\"https:\\\/\\\/poolfolien.online\\\/?page_id=268#primaryimage\"},\"thumbnailUrl\":\"https:\\\/\\\/poolfolien.online\\\/wp-content\\\/uploads\\\/2023\\\/01\\\/Poolfolien_Logo-removebg-preview-1-300x84.png\",\"datePublished\":\"2023-01-19T11:03:29+00:00\",\"dateModified\":\"2023-03-15T13:51:37+00:00\",\"description\":\"Bestellen Sie eine neue Poolfolie, bequem und direkt mit unserem Konfigurator. Versand Deutschland, \u00d6sterreich und Schweiz. Jetzt anfragen!\",\"breadcrumb\":{\"@id\":\"https:\\\/\\\/poolfolien.online\\\/?page_id=268#breadcrumb\"},\"inLanguage\":\"de\",\"potentialAction\":[{\"@type\":\"ReadAction\",\"target\":[\"https:\\\/\\\/poolfolien.online\\\/?page_id=268\"]}]},{\"@type\":\"ImageObject\",\"inLanguage\":\"de\",\"@id\":\"https:\\\/\\\/poolfolien.online\\\/?page_id=268#primaryimage\",\"url\":\"https:\\\/\\\/poolfolien.online\\\/wp-content\\\/uploads\\\/2023\\\/01\\\/Poolfolien_Logo-removebg-preview-1.png\",\"contentUrl\":\"https:\\\/\\\/poolfolien.online\\\/wp-content\\\/uploads\\\/2023\\\/01\\\/Poolfolien_Logo-removebg-preview-1.png\",\"width\":941,\"height\":265,\"caption\":\"Poolfolien Online\"},{\"@type\":\"BreadcrumbList\",\"@id\":\"https:\\\/\\\/poolfolien.online\\\/?page_id=268#breadcrumb\",\"itemListElement\":[{\"@type\":\"ListItem\",\"position\":1,\"name\":\"Home\",\"item\":\"https:\\\/\\\/poolfolien.online\\\/\"},{\"@type\":\"ListItem\",\"position\":2,\"name\":\"Versandinformation\"}]},{\"@type\":\"WebSite\",\"@id\":\"https:\\\/\\\/poolfolien.online\\\/#website\",\"url\":\"https:\\\/\\\/poolfolien.online\\\/\",\"name\":\"Poolfolien.online\",\"description\":\"Poolfolien bequem &amp; direkt bestellen\",\"publisher\":{\"@id\":\"https:\\\/\\\/poolfolien.online\\\/#organization\"},\"potentialAction\":[{\"@type\":\"SearchAction\",\"target\":{\"@type\":\"EntryPoint\",\"urlTemplate\":\"https:\\\/\\\/poolfolien.online\\\/?s={search_term_string}\"},\"query-input\":{\"@type\":\"PropertyValueSpecification\",\"valueRequired\":true,\"valueName\":\"search_term_string\"}}],\"inLanguage\":\"de\"},{\"@type\":\"Organization\",\"@id\":\"https:\\\/\\\/poolfolien.online\\\/#organization\",\"name\":\"Poolfolien Online\",\"url\":\"https:\\\/\\\/poolfolien.online\\\/\",\"logo\":{\"@type\":\"ImageObject\",\"inLanguage\":\"de\",\"@id\":\"https:\\\/\\\/poolfolien.online\\\/#\\\/schema\\\/logo\\\/image\\\/\",\"url\":\"https:\\\/\\\/chrea0.n3cdn1.secureserver.net\\\/wp-content\\\/uploads\\\/2023\\\/02\\\/Poolfolien_Favicon.png?time=1677505296\",\"contentUrl\":\"https:\\\/\\\/chrea0.n3cdn1.secureserver.net\\\/wp-content\\\/uploads\\\/2023\\\/02\\\/Poolfolien_Favicon.png?time=1677505296\",\"width\":373,\"height\":544,\"caption\":\"Poolfolien Online\"},\"image\":{\"@id\":\"https:\\\/\\\/poolfolien.online\\\/#\\\/schema\\\/logo\\\/image\\\/\"},\"sameAs\":[\"https:\\\/\\\/www.facebook.com\\\/profile.php?id=100088498114341\"]}]}<\/script>\n<!-- \/ Yoast SEO Premium plugin. -->","yoast_head_json":{"title":"Versandinformation - Poolfolien.online","description":"Bestellen Sie eine neue Poolfolie, bequem und direkt mit unserem Konfigurator. Versand Deutschland, \u00d6sterreich und Schweiz. Jetzt anfragen!","robots":{"index":"index","follow":"follow","max-snippet":"max-snippet:-1","max-image-preview":"max-image-preview:large","max-video-preview":"max-video-preview:-1"},"canonical":"https:\/\/poolfolien.online\/?page_id=268","og_locale":"de_DE","og_type":"article","og_title":"Versandinformation","og_description":"Bestellen Sie eine neue Poolfolie, bequem und direkt mit unserem Konfigurator. Versand Deutschland, \u00d6sterreich und Schweiz. Jetzt anfragen!","og_url":"https:\/\/poolfolien.online\/?page_id=268","og_site_name":"Poolfolien.online","article_publisher":"https:\/\/www.facebook.com\/profile.php?id=100088498114341","article_modified_time":"2023-03-15T13:51:37+00:00","og_image":[{"url":"https:\/\/poolfolien.online\/wp-content\/uploads\/2023\/01\/Poolfolien_Logo-removebg-preview-1-300x84.png","type":"","width":"","height":""}],"twitter_card":"summary_large_image","twitter_misc":{"Gesch\u00e4tzte Lesezeit":"3\u00a0Minuten"},"schema":{"@context":"https:\/\/schema.org","@graph":[{"@type":"WebPage","@id":"https:\/\/poolfolien.online\/?page_id=268","url":"https:\/\/poolfolien.online\/?page_id=268","name":"Versandinformation - Poolfolien.online","isPartOf":{"@id":"https:\/\/poolfolien.online\/#website"},"primaryImageOfPage":{"@id":"https:\/\/poolfolien.online\/?page_id=268#primaryimage"},"image":{"@id":"https:\/\/poolfolien.online\/?page_id=268#primaryimage"},"thumbnailUrl":"https:\/\/poolfolien.online\/wp-content\/uploads\/2023\/01\/Poolfolien_Logo-removebg-preview-1-300x84.png","datePublished":"2023-01-19T11:03:29+00:00","dateModified":"2023-03-15T13:51:37+00:00","description":"Bestellen Sie eine neue Poolfolie, bequem und direkt mit unserem Konfigurator. Versand Deutschland, \u00d6sterreich und Schweiz. Jetzt anfragen!","breadcrumb":{"@id":"https:\/\/poolfolien.online\/?page_id=268#breadcrumb"},"inLanguage":"de","potentialAction":[{"@type":"ReadAction","target":["https:\/\/poolfolien.online\/?page_id=268"]}]},{"@type":"ImageObject","inLanguage":"de","@id":"https:\/\/poolfolien.online\/?page_id=268#primaryimage","url":"https:\/\/poolfolien.online\/wp-content\/uploads\/2023\/01\/Poolfolien_Logo-removebg-preview-1.png","contentUrl":"https:\/\/poolfolien.online\/wp-content\/uploads\/2023\/01\/Poolfolien_Logo-removebg-preview-1.png","width":941,"height":265,"caption":"Poolfolien Online"},{"@type":"BreadcrumbList","@id":"https:\/\/poolfolien.online\/?page_id=268#breadcrumb","itemListElement":[{"@type":"ListItem","position":1,"name":"Home","item":"https:\/\/poolfolien.online\/"},{"@type":"ListItem","position":2,"name":"Versandinformation"}]},{"@type":"WebSite","@id":"https:\/\/poolfolien.online\/#website","url":"https:\/\/poolfolien.online\/","name":"Poolfolien.online","description":"Poolfolien bequem &amp; direkt bestellen","publisher":{"@id":"https:\/\/poolfolien.online\/#organization"},"potentialAction":[{"@type":"SearchAction","target":{"@type":"EntryPoint","urlTemplate":"https:\/\/poolfolien.online\/?s={search_term_string}"},"query-input":{"@type":"PropertyValueSpecification","valueRequired":true,"valueName":"search_term_string"}}],"inLanguage":"de"},{"@type":"Organization","@id":"https:\/\/poolfolien.online\/#organization","name":"Poolfolien Online","url":"https:\/\/poolfolien.online\/","logo":{"@type":"ImageObject","inLanguage":"de","@id":"https:\/\/poolfolien.online\/#\/schema\/logo\/image\/","url":"https:\/\/chrea0.n3cdn1.secureserver.net\/wp-content\/uploads\/2023\/02\/Poolfolien_Favicon.png?time=1677505296","contentUrl":"https:\/\/chrea0.n3cdn1.secureserver.net\/wp-content\/uploads\/2023\/02\/Poolfolien_Favicon.png?time=1677505296","width":373,"height":544,"caption":"Poolfolien Online"},"image":{"@id":"https:\/\/poolfolien.online\/#\/schema\/logo\/image\/"},"sameAs":["https:\/\/www.facebook.com\/profile.php?id=100088498114341"]}]}},"_links":{"self":[{"href":"https:\/\/poolfolien.online\/index.php?rest_route=\/wp\/v2\/pages\/268","targetHints":{"allow":["GET"]}}],"collection":[{"href":"https:\/\/poolfolien.online\/index.php?rest_route=\/wp\/v2\/pages"}],"about":[{"href":"https:\/\/poolfolien.online\/index.php?rest_route=\/wp\/v2\/types\/page"}],"author":[{"embeddable":true,"href":"https:\/\/poolfolien.online\/index.php?rest_route=\/wp\/v2\/users\/1"}],"replies":[{"embeddable":true,"href":"https:\/\/poolfolien.online\/index.php?rest_route=%2Fwp%2Fv2%2Fcomments&post=268"}],"version-history":[{"count":9,"href":"https:\/\/poolfolien.online\/index.php?rest_route=\/wp\/v2\/pages\/268\/revisions"}],"predecessor-version":[{"id":1556,"href":"https:\/\/poolfolien.online\/index.php?rest_route=\/wp\/v2\/pages\/268\/revisions\/1556"}],"wp:attachment":[{"href":"https:\/\/poolfolien.online\/index.php?rest_route=%2Fwp%2Fv2%2Fmedia&parent=268"}],"curies":[{"name":"wp","href":"https:\/\/api.w.org\/{rel}","templated":true}]}}