{"id":265,"date":"2023-01-19T11:03:28","date_gmt":"2023-01-19T11:03:28","guid":{"rendered":"https:\/\/poolfolien.online\/?page_id=265"},"modified":"2026-03-19T14:51:03","modified_gmt":"2026-03-19T14:51:03","slug":"impressum","status":"publish","type":"page","link":"https:\/\/poolfolien.online\/?page_id=265","title":{"rendered":"Impressum"},"content":{"rendered":"\t\t<div data-elementor-type=\"wp-page\" data-elementor-id=\"265\" class=\"elementor elementor-265\" data-elementor-post-type=\"page\">\n\t\t\t\t\t\t<section class=\"elementor-section elementor-top-section elementor-element elementor-element-11725fc9 elementor-section-boxed elementor-section-height-default elementor-section-height-default\" data-id=\"11725fc9\" data-element_type=\"section\" data-e-type=\"section\">\n\t\t\t\t\t\t<div class=\"elementor-container elementor-column-gap-default\">\n\t\t\t\t\t<div class=\"elementor-column elementor-col-100 elementor-top-column elementor-element elementor-element-5df08e4e\" data-id=\"5df08e4e\" data-element_type=\"column\" data-e-type=\"column\">\n\t\t\t<div class=\"elementor-widget-wrap elementor-element-populated\">\n\t\t\t\t\t\t<div class=\"elementor-element elementor-element-4f5f8375 elementor-widget elementor-widget-text-editor\" data-id=\"4f5f8375\" data-element_type=\"widget\" data-e-type=\"widget\" data-widget_type=\"text-editor.default\">\n\t\t\t\t<div class=\"elementor-widget-container\">\n\t\t\t\t\t\t\t\t\t\n<div id=\"wp-block-themeisle-blocks-advanced-columns-9912998c\" class=\"wp-block-themeisle-blocks-advanced-columns has-0-columns has-desktop-undefined-layout has-tablet-equal-layout has-mobile-equal-layout has-vertical-unset\"><div class=\"wp-block-themeisle-blocks-advanced-columns-overlay\"><\/div><div class=\"innerblocks-wrap\"><\/div><\/div>\n\t\t\t\t\t\t\t\t<\/div>\n\t\t\t\t<\/div>\n\t\t\t\t\t<\/div>\n\t\t<\/div>\n\t\t\t\t\t<\/div>\n\t\t<\/section>\n\t\t\t\t<section class=\"elementor-section elementor-top-section elementor-element elementor-element-34c900e7 elementor-section-boxed elementor-section-height-default elementor-section-height-default\" data-id=\"34c900e7\" data-element_type=\"section\" data-e-type=\"section\" data-settings=\"{&quot;background_background&quot;:&quot;classic&quot;,&quot;shape_divider_top&quot;:&quot;waves&quot;}\">\n\t\t\t\t\t\t\t<div class=\"elementor-background-overlay\"><\/div>\n\t\t\t\t\t\t<div class=\"elementor-shape elementor-shape-top\" aria-hidden=\"true\" data-negative=\"false\">\n\t\t\t<svg xmlns=\"http:\/\/www.w3.org\/2000\/svg\" viewBox=\"0 0 1000 100\" preserveAspectRatio=\"none\">\n\t<path class=\"elementor-shape-fill\" d=\"M421.9,6.5c22.6-2.5,51.5,0.4,75.5,5.3c23.6,4.9,70.9,23.5,100.5,35.7c75.8,32.2,133.7,44.5,192.6,49.7\n\tc23.6,2.1,48.7,3.5,103.4-2.5c54.7-6,106.2-25.6,106.2-25.6V0H0v30.3c0,0,72,32.6,158.4,30.5c39.2-0.7,92.8-6.7,134-22.4\n\tc21.2-8.1,52.2-18.2,79.7-24.2C399.3,7.9,411.6,7.5,421.9,6.5z\"\/>\n<\/svg>\t\t<\/div>\n\t\t\t\t\t<div class=\"elementor-container elementor-column-gap-default\">\n\t\t\t\t\t<div class=\"elementor-column elementor-col-100 elementor-top-column elementor-element elementor-element-1ece5bc7\" data-id=\"1ece5bc7\" data-element_type=\"column\" data-e-type=\"column\">\n\t\t\t<div class=\"elementor-widget-wrap elementor-element-populated\">\n\t\t\t\t\t<div class=\"elementor-background-overlay\"><\/div>\n\t\t\t\t\t\t<section class=\"elementor-section elementor-inner-section elementor-element elementor-element-596163b5 elementor-section-boxed elementor-section-height-default elementor-section-height-default\" data-id=\"596163b5\" data-element_type=\"section\" data-e-type=\"section\">\n\t\t\t\t\t\t<div class=\"elementor-container elementor-column-gap-default\">\n\t\t\t\t\t<div class=\"elementor-column elementor-col-100 elementor-inner-column elementor-element elementor-element-416ca918\" data-id=\"416ca918\" data-element_type=\"column\" data-e-type=\"column\">\n\t\t\t<div class=\"elementor-widget-wrap elementor-element-populated\">\n\t\t\t\t\t\t\t<\/div>\n\t\t<\/div>\n\t\t\t\t\t<\/div>\n\t\t<\/section>\n\t\t\t\t<div class=\"elementor-element elementor-element-7a9266a3 elementor-widget elementor-widget-text-editor\" data-id=\"7a9266a3\" data-element_type=\"widget\" data-e-type=\"widget\" data-widget_type=\"text-editor.default\">\n\t\t\t\t<div class=\"elementor-widget-container\">\n\t\t\t\t\t\t\t\t\t<div class=\"container index-heading-wrapper \">\n<h1><span style=\"color: #ffffff;\">Impressum<\/span><\/h1>\n<\/div>\n<div class=\"container link-content \">\n<p><span style=\"color: #ffffff;\">Angaben gem\u00e4\u00df \u00a7 5 TMG<\/span><\/p>\n<p><span style=\"color: #ffffff;\">Poolfolien.online ist ein Angebot der&nbsp;<\/span><span style=\"font-size: 14px; color: #ffffff;\">Pools Direct Ransom Schwimmbadtechnik GmbH<\/span><\/p>\n<p><span style=\"color: #ffffff;\">Schlo\u00dfstr. 28<\/span><\/p>\n<p><span style=\"color: #ffffff;\">64720 Michelstadt<\/span><\/p>\n<p><span style=\"color: #ffffff;\">HRB 108920 Amtsgericht Darmstadt<\/span><\/p>\n<p><\/p>\n<h2><span style=\"color: #ffffff;\">Kontakt<\/span><\/h2>\n<p><span style=\"color: #ffffff; font-size: 14px;\">Telefon: 06061 139 0300<\/span><\/p>\n<p><span lang=\"NL\" style=\"color: #ffffff;\">&nbsp;<\/span><span style=\"color: #ffffff; font-size: 14px;\">E-Mail: info@poolfolien.online<\/span><\/p>\n<p><\/p>\n<h2><span style=\"color: #ffffff;\">Redaktionell Verantwortlicher<\/span><\/h2>\n<p><span style=\"color: #ffffff;\">&nbsp;<\/span><span style=\"color: #ffffff; font-size: 14px;\">Matthew Ransom, Gesch\u00e4ftsf\u00fchrer&nbsp;&nbsp;Pools Direct GmbH<\/span><\/p>\n<\/div>\t\t\t\t\t\t\t\t<\/div>\n\t\t\t\t<\/div>\n\t\t\t\t\t<\/div>\n\t\t<\/div>\n\t\t\t\t\t<\/div>\n\t\t<\/section>\n\t\t\t\t<section class=\"elementor-section elementor-top-section elementor-element elementor-element-39ebe5ae elementor-section-boxed elementor-section-height-default elementor-section-height-default\" data-id=\"39ebe5ae\" data-element_type=\"section\" data-e-type=\"section\">\n\t\t\t\t\t\t\t<div class=\"elementor-background-overlay\"><\/div>\n\t\t\t\t\t\t\t<div class=\"elementor-container elementor-column-gap-default\">\n\t\t\t\t\t<div class=\"elementor-column elementor-col-100 elementor-top-column elementor-element elementor-element-3897cb6a\" data-id=\"3897cb6a\" data-element_type=\"column\" data-e-type=\"column\">\n\t\t\t<div class=\"elementor-widget-wrap elementor-element-populated\">\n\t\t\t\t\t\t<div class=\"elementor-element elementor-element-c95d8d6 elementor-widget elementor-widget-text-editor\" data-id=\"c95d8d6\" data-element_type=\"widget\" data-e-type=\"widget\" data-widget_type=\"text-editor.default\">\n\t\t\t\t<div class=\"elementor-widget-container\">\n\t\t\t\t\t\t\t\t\t<h2><span style=\"color: #ffffff;\">EU-Streitschlichtung<\/span><\/h2>\n<p>\u00a0<\/p>\n<p><span style=\"color: #ffffff;\">Die Europ\u00e4ische Kommission stellt eine Plattform zur Online-Streitbeilegung (OS) bereit:\u00a0<a style=\"color: #ffffff;\" href=\"https:\/\/ec.europa.eu\/consumers\/odr\" target=\"_blank\" rel=\"noopener noreferrer\">https:\/\/ec.europa.eu\/consumers\/odr<\/a>.<\/span><br \/><span style=\"color: #ffffff;\">Unsere E-Mail-Adresse finden Sie oben im Impressum.<\/span><\/p>\n<p>\u00a0<\/p>\n<p>\u00a0<\/p>\n<h2><span style=\"color: #ffffff;\">Verbraucher\u00adstreit\u00adbeilegung\/Universal\u00adschlichtungs\u00adstelle<\/span><\/h2>\n<p>\u00a0<\/p>\n<p><span style=\"color: #ffffff;\">Wir sind nicht bereit oder verpflichtet, an Streitbeilegungsverfahren vor einer Verbraucherschlichtungsstelle teilzunehmen.<\/span><\/p>\n<p>\u00a0<\/p>\n<p>\u00a0<\/p>\n<h3><span style=\"color: #ffffff;\">Haftung f\u00fcr Inhalte<\/span><\/h3>\n<p><span style=\"color: #ffffff;\">Als Diensteanbieter sind wir gem\u00e4\u00df \u00a7 7 Abs.1 TMG f\u00fcr eigene Inhalte auf diesen Seiten nach den allgemeinen Gesetzen verantwortlich. Nach \u00a7\u00a7 8 bis 10 TMG sind wir als Diensteanbieter jedoch nicht verpflichtet, \u00fcbermittelte oder gespeicherte fremde Informationen zu \u00fcberwachen oder nach Umst\u00e4nden zu forschen, die auf eine rechtswidrige T\u00e4tigkeit hinweisen.<\/span><\/p>\n<p><span style=\"color: #ffffff;\">Verpflichtungen zur Entfernung oder Sperrung der Nutzung von Informationen nach den allgemeinen Gesetzen bleiben hiervon unber\u00fchrt. Eine diesbez\u00fcgliche Haftung ist jedoch erst ab dem Zeitpunkt der Kenntnis einer konkreten Rechtsverletzung m\u00f6glich. Bei Bekanntwerden von entsprechenden Rechtsverletzungen werden wir diese Inhalte umgehend entfernen.<\/span><\/p>\n<h3><span style=\"color: #ffffff;\">Haftung f\u00fcr Links<\/span><\/h3>\n<p><span style=\"color: #ffffff;\">Unser Angebot enth\u00e4lt Links zu externen Websites Dritter, auf deren Inhalte wir keinen Einfluss haben. Deshalb k\u00f6nnen wir f\u00fcr diese fremden Inhalte auch keine Gew\u00e4hr \u00fcbernehmen. F\u00fcr die Inhalte der verlinkten Seiten ist stets der jeweilige Anbieter oder Betreiber der Seiten verantwortlich. Die verlinkten Seiten wurden zum Zeitpunkt der Verlinkung auf m\u00f6gliche Rechtsverst\u00f6\u00dfe \u00fcberpr\u00fcft. Rechtswidrige Inhalte waren zum Zeitpunkt der Verlinkung nicht erkennbar.<\/span><\/p>\n<p><span style=\"color: #ffffff;\">Eine permanente inhaltliche Kontrolle der verlinkten Seiten ist jedoch ohne konkrete Anhaltspunkte einer Rechtsverletzung nicht zumutbar. Bei Bekanntwerden von Rechtsverletzungen werden wir derartige Links umgehend entfernen.<\/span><\/p>\n<h3><span style=\"color: #ffffff;\">Urheberrecht<\/span><\/h3>\n<p><span style=\"color: #ffffff;\">Die durch die Seitenbetreiber erstellten Inhalte und Werke auf diesen Seiten unterliegen dem deutschen Urheberrecht. Die Vervielf\u00e4ltigung, Bearbeitung, Verbreitung und jede Art der Verwertung au\u00dferhalb der Grenzen des Urheberrechtes bed\u00fcrfen der schriftlichen Zustimmung des jeweiligen Autors bzw. Erstellers. Downloads und Kopien dieser Seite sind nur f\u00fcr den privaten, nicht kommerziellen Gebrauch gestattet.<\/span><\/p>\n<p><span style=\"color: #ffffff;\">Soweit die Inhalte auf dieser Seite nicht vom Betreiber erstellt wurden, werden die Urheberrechte Dritter beachtet. Insbesondere werden Inhalte Dritter als solche gekennzeichnet. Sollten Sie trotzdem auf eine Urheberrechtsverletzung aufmerksam werden, bitten wir um einen entsprechenden Hinweis. Bei Bekanntwerden von Rechtsverletzungen werden wir derartige Inhalte umgehend entfernen.<\/span><\/p>\n<p>\u00a0<\/p>\n<p>\u00a0<\/p>\n<p><span style=\"color: #ffffff;\">Quelle:\u00a0<a style=\"color: #ffffff;\" href=\"https:\/\/www.e-recht24.de\/\">e-recht24.de<\/a><\/span><\/p>\t\t\t\t\t\t\t\t<\/div>\n\t\t\t\t<\/div>\n\t\t\t\t\t<\/div>\n\t\t<\/div>\n\t\t\t\t\t<\/div>\n\t\t<\/section>\n\t\t\t\t<section class=\"elementor-section elementor-top-section elementor-element elementor-element-35c8219 elementor-section-boxed elementor-section-height-default elementor-section-height-default\" data-id=\"35c8219\" data-element_type=\"section\" data-e-type=\"section\">\n\t\t\t\t\t\t<div class=\"elementor-container elementor-column-gap-default\">\n\t\t\t\t\t<div class=\"elementor-column elementor-col-100 elementor-top-column elementor-element elementor-element-19848ef0\" data-id=\"19848ef0\" data-element_type=\"column\" data-e-type=\"column\">\n\t\t\t<div class=\"elementor-widget-wrap\">\n\t\t\t\t\t\t\t<\/div>\n\t\t<\/div>\n\t\t\t\t\t<\/div>\n\t\t<\/section>\n\t\t\t\t<\/div>\n\t\t","protected":false},"excerpt":{"rendered":"<p>Impressum Angaben gem\u00e4\u00df \u00a7 5 TMG Poolfolien.online ist ein Angebot der&nbsp;Pools Direct Ransom Schwimmbadtechnik GmbH Schlo\u00dfstr. 28 64720 Michelstadt HRB 108920 Amtsgericht Darmstadt Kontakt Telefon: 06061 139 0300 &nbsp;E-Mail: info@poolfolien.online Redaktionell Verantwortlicher &nbsp;Matthew Ransom, Gesch\u00e4ftsf\u00fchrer&nbsp;&nbsp;Pools Direct GmbH EU-Streitschlichtung \u00a0 Die Europ\u00e4ische Kommission stellt eine Plattform zur Online-Streitbeilegung (OS) bereit:\u00a0https:\/\/ec.europa.eu\/consumers\/odr.Unsere E-Mail-Adresse finden Sie oben im Impressum. [&hellip;]<\/p>\n","protected":false},"author":1,"featured_media":0,"parent":0,"menu_order":0,"comment_status":"closed","ping_status":"closed","template":"elementor_header_footer","meta":{"footnotes":""},"class_list":["post-265","page","type-page","status-publish","hentry","entry"],"yoast_head":"<!-- This site is optimized with the Yoast SEO Premium plugin v23.1 (Yoast SEO v27.4) - https:\/\/yoast.com\/product\/yoast-seo-premium-wordpress\/ -->\n<title>Impressum - Poolfolien.online<\/title>\n<meta name=\"description\" content=\"Poolfachh\u00e4ndler mit \u00fcber 25 Jahre Erfahrung. Entdecken Sie unsere Poolfolien, direkt und bequem mit unserem Konfigurator. Jetzt ausprobieren!\" \/>\n<meta name=\"robots\" content=\"index, follow, max-snippet:-1, max-image-preview:large, max-video-preview:-1\" \/>\n<link rel=\"canonical\" href=\"https:\/\/poolfolien.online\/?page_id=265\" \/>\n<meta property=\"og:locale\" content=\"de_DE\" \/>\n<meta property=\"og:type\" content=\"article\" \/>\n<meta property=\"og:title\" content=\"Impressum\" \/>\n<meta property=\"og:description\" content=\"Poolfachh\u00e4ndler mit \u00fcber 25 Jahre Erfahrung. Entdecken Sie unsere Poolfolien, direkt und bequem mit unserem Konfigurator. Jetzt ausprobieren!\" \/>\n<meta property=\"og:url\" content=\"https:\/\/poolfolien.online\/?page_id=265\" \/>\n<meta property=\"og:site_name\" content=\"Poolfolien.online\" \/>\n<meta property=\"article:publisher\" content=\"https:\/\/www.facebook.com\/profile.php?id=100088498114341\" \/>\n<meta property=\"article:modified_time\" content=\"2026-03-19T14:51:03+00:00\" \/>\n<meta name=\"twitter:card\" content=\"summary_large_image\" \/>\n<meta name=\"twitter:label1\" content=\"Gesch\u00e4tzte Lesezeit\" \/>\n\t<meta name=\"twitter:data1\" content=\"3\u00a0Minuten\" \/>\n<script type=\"application\/ld+json\" class=\"yoast-schema-graph\">{\"@context\":\"https:\\\/\\\/schema.org\",\"@graph\":[{\"@type\":\"WebPage\",\"@id\":\"https:\\\/\\\/poolfolien.online\\\/?page_id=265\",\"url\":\"https:\\\/\\\/poolfolien.online\\\/?page_id=265\",\"name\":\"Impressum - Poolfolien.online\",\"isPartOf\":{\"@id\":\"https:\\\/\\\/poolfolien.online\\\/#website\"},\"datePublished\":\"2023-01-19T11:03:28+00:00\",\"dateModified\":\"2026-03-19T14:51:03+00:00\",\"description\":\"Poolfachh\u00e4ndler mit \u00fcber 25 Jahre Erfahrung. Entdecken Sie unsere Poolfolien, direkt und bequem mit unserem Konfigurator. Jetzt ausprobieren!\",\"breadcrumb\":{\"@id\":\"https:\\\/\\\/poolfolien.online\\\/?page_id=265#breadcrumb\"},\"inLanguage\":\"de\",\"potentialAction\":[{\"@type\":\"ReadAction\",\"target\":[\"https:\\\/\\\/poolfolien.online\\\/?page_id=265\"]}]},{\"@type\":\"BreadcrumbList\",\"@id\":\"https:\\\/\\\/poolfolien.online\\\/?page_id=265#breadcrumb\",\"itemListElement\":[{\"@type\":\"ListItem\",\"position\":1,\"name\":\"Home\",\"item\":\"https:\\\/\\\/poolfolien.online\\\/\"},{\"@type\":\"ListItem\",\"position\":2,\"name\":\"Impressum\"}]},{\"@type\":\"WebSite\",\"@id\":\"https:\\\/\\\/poolfolien.online\\\/#website\",\"url\":\"https:\\\/\\\/poolfolien.online\\\/\",\"name\":\"Poolfolien.online\",\"description\":\"Poolfolien bequem &amp; direkt bestellen\",\"publisher\":{\"@id\":\"https:\\\/\\\/poolfolien.online\\\/#organization\"},\"potentialAction\":[{\"@type\":\"SearchAction\",\"target\":{\"@type\":\"EntryPoint\",\"urlTemplate\":\"https:\\\/\\\/poolfolien.online\\\/?s={search_term_string}\"},\"query-input\":{\"@type\":\"PropertyValueSpecification\",\"valueRequired\":true,\"valueName\":\"search_term_string\"}}],\"inLanguage\":\"de\"},{\"@type\":\"Organization\",\"@id\":\"https:\\\/\\\/poolfolien.online\\\/#organization\",\"name\":\"Poolfolien Online\",\"url\":\"https:\\\/\\\/poolfolien.online\\\/\",\"logo\":{\"@type\":\"ImageObject\",\"inLanguage\":\"de\",\"@id\":\"https:\\\/\\\/poolfolien.online\\\/#\\\/schema\\\/logo\\\/image\\\/\",\"url\":\"https:\\\/\\\/chrea0.n3cdn1.secureserver.net\\\/wp-content\\\/uploads\\\/2023\\\/02\\\/Poolfolien_Favicon.png?time=1677505296\",\"contentUrl\":\"https:\\\/\\\/chrea0.n3cdn1.secureserver.net\\\/wp-content\\\/uploads\\\/2023\\\/02\\\/Poolfolien_Favicon.png?time=1677505296\",\"width\":373,\"height\":544,\"caption\":\"Poolfolien Online\"},\"image\":{\"@id\":\"https:\\\/\\\/poolfolien.online\\\/#\\\/schema\\\/logo\\\/image\\\/\"},\"sameAs\":[\"https:\\\/\\\/www.facebook.com\\\/profile.php?id=100088498114341\"]}]}<\/script>\n<!-- \/ Yoast SEO Premium plugin. -->","yoast_head_json":{"title":"Impressum - Poolfolien.online","description":"Poolfachh\u00e4ndler mit \u00fcber 25 Jahre Erfahrung. Entdecken Sie unsere Poolfolien, direkt und bequem mit unserem Konfigurator. Jetzt ausprobieren!","robots":{"index":"index","follow":"follow","max-snippet":"max-snippet:-1","max-image-preview":"max-image-preview:large","max-video-preview":"max-video-preview:-1"},"canonical":"https:\/\/poolfolien.online\/?page_id=265","og_locale":"de_DE","og_type":"article","og_title":"Impressum","og_description":"Poolfachh\u00e4ndler mit \u00fcber 25 Jahre Erfahrung. Entdecken Sie unsere Poolfolien, direkt und bequem mit unserem Konfigurator. Jetzt ausprobieren!","og_url":"https:\/\/poolfolien.online\/?page_id=265","og_site_name":"Poolfolien.online","article_publisher":"https:\/\/www.facebook.com\/profile.php?id=100088498114341","article_modified_time":"2026-03-19T14:51:03+00:00","twitter_card":"summary_large_image","twitter_misc":{"Gesch\u00e4tzte Lesezeit":"3\u00a0Minuten"},"schema":{"@context":"https:\/\/schema.org","@graph":[{"@type":"WebPage","@id":"https:\/\/poolfolien.online\/?page_id=265","url":"https:\/\/poolfolien.online\/?page_id=265","name":"Impressum - Poolfolien.online","isPartOf":{"@id":"https:\/\/poolfolien.online\/#website"},"datePublished":"2023-01-19T11:03:28+00:00","dateModified":"2026-03-19T14:51:03+00:00","description":"Poolfachh\u00e4ndler mit \u00fcber 25 Jahre Erfahrung. Entdecken Sie unsere Poolfolien, direkt und bequem mit unserem Konfigurator. Jetzt ausprobieren!","breadcrumb":{"@id":"https:\/\/poolfolien.online\/?page_id=265#breadcrumb"},"inLanguage":"de","potentialAction":[{"@type":"ReadAction","target":["https:\/\/poolfolien.online\/?page_id=265"]}]},{"@type":"BreadcrumbList","@id":"https:\/\/poolfolien.online\/?page_id=265#breadcrumb","itemListElement":[{"@type":"ListItem","position":1,"name":"Home","item":"https:\/\/poolfolien.online\/"},{"@type":"ListItem","position":2,"name":"Impressum"}]},{"@type":"WebSite","@id":"https:\/\/poolfolien.online\/#website","url":"https:\/\/poolfolien.online\/","name":"Poolfolien.online","description":"Poolfolien bequem &amp; direkt bestellen","publisher":{"@id":"https:\/\/poolfolien.online\/#organization"},"potentialAction":[{"@type":"SearchAction","target":{"@type":"EntryPoint","urlTemplate":"https:\/\/poolfolien.online\/?s={search_term_string}"},"query-input":{"@type":"PropertyValueSpecification","valueRequired":true,"valueName":"search_term_string"}}],"inLanguage":"de"},{"@type":"Organization","@id":"https:\/\/poolfolien.online\/#organization","name":"Poolfolien Online","url":"https:\/\/poolfolien.online\/","logo":{"@type":"ImageObject","inLanguage":"de","@id":"https:\/\/poolfolien.online\/#\/schema\/logo\/image\/","url":"https:\/\/chrea0.n3cdn1.secureserver.net\/wp-content\/uploads\/2023\/02\/Poolfolien_Favicon.png?time=1677505296","contentUrl":"https:\/\/chrea0.n3cdn1.secureserver.net\/wp-content\/uploads\/2023\/02\/Poolfolien_Favicon.png?time=1677505296","width":373,"height":544,"caption":"Poolfolien Online"},"image":{"@id":"https:\/\/poolfolien.online\/#\/schema\/logo\/image\/"},"sameAs":["https:\/\/www.facebook.com\/profile.php?id=100088498114341"]}]}},"_links":{"self":[{"href":"https:\/\/poolfolien.online\/index.php?rest_route=\/wp\/v2\/pages\/265","targetHints":{"allow":["GET"]}}],"collection":[{"href":"https:\/\/poolfolien.online\/index.php?rest_route=\/wp\/v2\/pages"}],"about":[{"href":"https:\/\/poolfolien.online\/index.php?rest_route=\/wp\/v2\/types\/page"}],"author":[{"embeddable":true,"href":"https:\/\/poolfolien.online\/index.php?rest_route=\/wp\/v2\/users\/1"}],"replies":[{"embeddable":true,"href":"https:\/\/poolfolien.online\/index.php?rest_route=%2Fwp%2Fv2%2Fcomments&post=265"}],"version-history":[{"count":17,"href":"https:\/\/poolfolien.online\/index.php?rest_route=\/wp\/v2\/pages\/265\/revisions"}],"predecessor-version":[{"id":1840,"href":"https:\/\/poolfolien.online\/index.php?rest_route=\/wp\/v2\/pages\/265\/revisions\/1840"}],"wp:attachment":[{"href":"https:\/\/poolfolien.online\/index.php?rest_route=%2Fwp%2Fv2%2Fmedia&parent=265"}],"curies":[{"name":"wp","href":"https:\/\/api.w.org\/{rel}","templated":true}]}}