{"id":15,"date":"2023-01-19T10:48:05","date_gmt":"2023-01-19T10:48:05","guid":{"rendered":"https:\/\/poolfolien.online\/?page_id=15"},"modified":"2026-02-21T08:58:11","modified_gmt":"2026-02-21T08:58:11","slug":"agb","status":"publish","type":"page","link":"https:\/\/poolfolien.online\/?page_id=15","title":{"rendered":"AGB"},"content":{"rendered":"\t\t<div data-elementor-type=\"wp-page\" data-elementor-id=\"15\" class=\"elementor elementor-15\" data-elementor-post-type=\"page\">\n\t\t\t\t\t\t<section class=\"elementor-section elementor-top-section elementor-element elementor-element-853bd6f elementor-section-boxed elementor-section-height-default elementor-section-height-default\" data-id=\"853bd6f\" data-element_type=\"section\" data-e-type=\"section\">\n\t\t\t\t\t\t<div class=\"elementor-container elementor-column-gap-default\">\n\t\t\t\t\t<div class=\"elementor-column elementor-col-100 elementor-top-column elementor-element elementor-element-f650a05\" data-id=\"f650a05\" data-element_type=\"column\" data-e-type=\"column\">\n\t\t\t<div class=\"elementor-widget-wrap elementor-element-populated\">\n\t\t\t\t\t\t<div class=\"elementor-element elementor-element-90dc9c3 elementor-widget elementor-widget-text-editor\" data-id=\"90dc9c3\" data-element_type=\"widget\" data-e-type=\"widget\" data-widget_type=\"text-editor.default\">\n\t\t\t\t<div class=\"elementor-widget-container\">\n\t\t\t\t\t\t\t\t\t<div class=\"container index-heading-wrapper \"><h1>Allgemeine Gesch\u00e4ftsbedingungen<\/h1><\/div><div id=\"tos\" class=\"well well-sm\"><div class=\"container \"><p><b>Allgemeine Gesch\u00e4ftsbedingungen f\u00fcr einen Onlineshop<\/b><\/p><p><b>\u00a7\u00a01\u00a0Allgemeines<\/b><br \/>(1) Diese Gesch\u00e4ftsbedingungen gelten f\u00fcr alle Vertr\u00e4ge, Lieferungen und sonstigen Leistungen der Pools Direct Ransom Schwimmbadtechnik GmbH,\u00a0Schulstra\u00dfe 2, 91320\u00a0Ebermannstadt (nachstehend: \u201eVerk\u00e4uferin\u201c), betreffend den Onlineshop https:\/\/poolsdirect.de, Poolfolien.online und alle zur Domain geh\u00f6renden Sub-Domains. Abweichende Vorschriften der Kunden gelten nicht, es sei denn, die Verk\u00e4uferin hat dies schriftlich best\u00e4tigt. Individuelle Abreden zwischen der Verk\u00e4uferin und den Kunden haben stets Vorrang. Es wird ausdr\u00fccklich auf die\u00a0Widerrufsbelehrung hingewiesen, die auf poolsdirect.de einsehbar ist.<br \/>(2) Die Gesch\u00e4ftsbeziehungen zwischen der Verk\u00e4uferin und den Kunden unterliegen dem Recht der Bundesrepublik Deutschland. Bei Verbrauchern gilt diese Rechtswahl nur insoweit, als nicht der gew\u00e4hrte Schutz durch zwingende Bestimmungen des Rechts des Staates, in dem der Verbraucher seinen gew\u00f6hnlichen Aufenthalt hat, entzogen wird. Die Geltung von UN Kaufrecht ist ausgeschlossen.<br \/>(3) Die Vertragssprache ist deutsch.<br \/>(4) Gerichtsstand ist Ebermannstadt 91320, soweit der Kunde Kaufmann ist oder eine juristische Person des \u00f6ffentlichen Rechts oder \u00f6ffentlich-rechtliches Sonderverm\u00f6gen. Dasselbe gilt, wenn ein Kunde keinen allgemeinen Gerichtsstand in Deutschland hat oder der Wohnsitz oder gew\u00f6hnlichen Aufenthalt im Zeitpunkt der Klageerhebung nicht bekannt sind.<br \/>(5) Wir liefern in folgende L\u00e4nder: Weltweit.<br \/>(6) Kunden haben die M\u00f6glichkeit eine alternative Streitbeilegung zu nutzen. Der folgende Link der EU-Kommission (auch OS-Plattform genannt) enth\u00e4lt Informationen \u00fcber die Online-Streitschlichtung und dient als zentrale Anlaufstelle zur au\u00dfergerichtlichen Beilegung von Streitigkeiten, die aus Online-Kaufvertr\u00e4gen erwachsen: ec.europa.eu\/consumers\/odr.<\/p><p><b>\u00a7\u00a02\u00a0Vertragsinhalte und Vertragsschluss<\/b><br \/>(1) Der Verk\u00e4ufer bietet den Kunden im Onlineshop https:\/\/poolsdirect.de neue Waren, vor allem Schwimmb\u00e4der, Whirlpools,Saunen, Infrarotkabinen, Wellness- und Gartenprodukte, zum Kauf an.<br \/>(2) Beim Einkauf im Online-Shop kommt ein Kaufvertrag durch die Annahme der Bestellung des Kunden durch den Verk\u00e4ufer zustande. Preisauszeichnungen im Online-Shop stellen kein Angebot im Rechtssinne dar. Der Eingang und die Annahme der Bestellung werden dem Kunden per E-Mail best\u00e4tigt.<br \/>Der Kunde hat au\u00dferdem die M\u00f6glichkeit, telefonisch oder per E-Mail, Fax oder Brief bei der Verk\u00e4uferin wegen eines bestimmten Artikels anzufragen. Nach Erhalt einer solchen Anfrage unterbreitet die Verk\u00e4uferin dem Kunden ein entsprechendes Angebot per E-Mail, Brief oder Fax. Ein Vertrag kommt erst dann zustande, wenn der Kunde dieses Angebot annimmt.<br \/>(3) Der Vertragstext wird gespeichert. Er ist aber f\u00fcr den Kunden nicht zug\u00e4nglich.<\/p><p><b>\u00a7\u00a03\u00a0Preise, Versandkosten, Umsatzsteuer und Zahlung<\/b><br \/>(1) Bei Bestellungen \u00fcber den Onlineshop gelten die dort angegebenen Preise. S\u00e4mtliche Preise beinhalten die gesetzliche Umsatzsteuer.<br \/>(2) Die Preise verstehen sich zzgl. Versand- und Verpackungskosten, die dem Kunden vor Abgabe der Bestellung bekannt gegeben werden.<br \/>(3) Die Belieferung der Kunden durch die die Verk\u00e4uferin erfolgt nach Wunsch des Kunden gegen folgende Zahlungsmethoden: Vorkasse (durch \u00dcberweisung, per Paypal, Kreditkartenzahlung), .<br \/>W\u00e4hlt der Kunde Vorkasse per \u00dcberweisung, so ist die Zahlung sp\u00e4testens 3 Kalendertage nach Vertragsschluss f\u00e4llig.<br \/>Bei Lieferung auf Rechnung ist die Zahlung sp\u00e4testens 8 Kalendertage nach Rechnungsstellung f\u00e4llig.<br \/>(4) Kommt ein Kunde mit seinen Zahlungsverpflichtungen in Verzug, so kann der Verk\u00e4ufer Schadensersatz nach den gesetzlichen Bestimmungen verlangen und \/ oder vom Vertrag zur\u00fccktreten.<br \/>(5) Der Verk\u00e4ufer stellt dem Kunden stets eine Rechnung aus, die ihm bei Lieferung der Ware ausgeh\u00e4ndigt wird oder sonst in Textform zugeht.<\/p><p><b>\u00a7\u00a04\u00a0Lieferung und Gefahr\u00fcbergang<\/b><br \/>(1) Die bestellten Waren werden, sofern vertraglich nicht abweichend vereinbart, an die vom Kunden angegebene Adresse geliefert. Die Lieferung kann direkt vom Hersteller erfolgen.<br \/>(2) Die Verf\u00fcgbarkeit der einzelnen Waren ist in den Artikelbeschreibungen angegeben. Am Lager vorhandene Ware versendet der Verk\u00e4ufer, sofern nicht ausdr\u00fccklich abweichend vereinbart, innerhalb von 5-21 Werktagen nach Anweisung der Zahlung (bei Vorkasse durch \u00dcberweisung: innerhalb von 5-21 Werktagen nach Zahlungseingang). Ist bei einem Verkauf \u00fcber den Online-Shop die Ware als nicht vorr\u00e4tig gekennzeichnet, so bem\u00fcht sich der Verk\u00e4ufer um eine schnellstm\u00f6gliche Lieferung. Angaben des Verk\u00e4ufers zur Lieferfrist sind unverbindlich, sofern nicht ausnahmsweise der Liefertermin vom Verk\u00e4ufer verbindlich zugesagt wurde.<br \/>(3) Der Verk\u00e4ufer beh\u00e4lt sich vor, eine Teillieferung vorzunehmen, sofern dies f\u00fcr eine z\u00fcgige Abwicklung vorteilhaft erscheint und die Teillieferung f\u00fcr den Kunden nicht ausnahmsweise unzumutbar ist. Durch Teillieferungen entstehende Mehrkosten werden dem Kunden nicht in Rechnung gestellt.<br \/>(4) Der Verk\u00e4ufer beh\u00e4lt sich vor, sich von der Verpflichtung zur Erf\u00fcllung des Vertrages zu l\u00f6sen, wenn die Ware durch einen Lieferanten zum Tag der Auslieferung anzuliefern ist und die Anlieferung ganz oder teilweise unterbleibt. Dieser Selbstbelieferungsvorbehalt gilt nur dann, wenn der Verk\u00e4ufer das Ausbleiben der Anlieferung nicht zu vertreten hat. Der Verk\u00e4ufer hat das Ausbleiben der Leistung nicht zu vertreten, soweit rechtzeitig mit dem Zulieferer ein sog. kongruentes Deckungsgesch\u00e4ft zur Erf\u00fcllung der Vertragspflichten abgeschlossen wurde. Wird die Ware nicht geliefert, wird der Verk\u00e4ufer den Kunden unverz\u00fcglich \u00fcber diesen Umstand informieren und einen bereits gezahlten Kaufpreis sowie Versandkosten erstatten.<br \/>Die Gefahr des zuf\u00e4lligen Untergangs und der zuf\u00e4lligen Verschlechterung der Ware geht mit der \u00dcbergabe auf den Kunden \u00fcber. Ist der Kunde Unternehmer, so geht beim Versendungskauf die Gefahr des zuf\u00e4lligen Untergangs und der zuf\u00e4lligen Verschlechterung der Ware sowie die Verz\u00f6gerungsgefahr bereits mit Auslieferung der Ware an den Spediteur, den Frachtf\u00fchrer oder die sonst zur Ausf\u00fchrung der Versendung bestimmte Person \u00fcber.<\/p><p><b>\u00a7\u00a05\u00a0Eigentumsvorbehalt<\/b><br \/>Die gelieferten Waren bleiben bis zur Erf\u00fcllung aller Forderungen aus dem Vertrag im Eigentum des Verk\u00e4ufers; im Fall, dass der Kunde eine juristische Person des \u00f6ffentlichen Rechts, ein \u00f6ffentlich-rechtliches Sonderverm\u00f6gen oder ein Unternehmer in Aus\u00fcbung seiner gewerblichen oder selbstst\u00e4ndigen beruflichen T\u00e4tigkeit ist, auch dar\u00fcber hinaus aus der laufenden Gesch\u00e4ftsbeziehung bis zum Ausgleich aller Forderungen, die dem Verk\u00e4ufer im Zusammenhang mit dem Vertrag zustehen.<\/p><p><b>\u00a7\u00a06\u00a0Zur\u00fcckbehaltungsrecht<\/b><br \/>Zur Aus\u00fcbung eines Zur\u00fcckbehaltungsrechts ist der Kunde nur insoweit befugt, als sein Gegenanspruch auf demselben Vertragsverh\u00e4ltnis beruht.<\/p><p><b>\u00a7\u00a07\u00a0Haftung f\u00fcr Sach- und Rechtsm\u00e4ngel<\/b><br \/>(1) Soweit M\u00e4ngel vorliegen, stehen dem Kunden nach Ma\u00dfgabe der folgenden Bestimmungen die gesetzlichen Gew\u00e4hrleistungsrechte zu.<br \/>(2) Sch\u00e4den, die durch unsachgem\u00e4\u00dfe Handlungen des Kunden bei Aufstellung, Anschluss, Bedienung oder Lagerung der Ware hervorgerufen werden, begr\u00fcnden keinen Gew\u00e4hrleistungsanspruch gegen den Verk\u00e4ufer.<br \/>Hinweise zur ordnungsgem\u00e4\u00dfen Behandlung kann der Kunde den Herstellerbeschreibungen entnehmen.<br \/>(3) M\u00e4ngel sind vom Kunden innerhalb einer Gew\u00e4hrleistungsfrist von zwei Jahren bei neuen Sachen bzw. von einem Jahr bei gebrauchten Sachen gegen\u00fcber dem Verk\u00e4ufer zu r\u00fcgen.<br \/>Die vorstehenden Haftungsbeschr\u00e4nkungen gelten nicht, soweit der Verk\u00e4ufer einen Mangel arglistig verschwiegen oder eine Garantie f\u00fcr die Beschaffenheit der Ware \u00fcbernommen hat. Die vorstehenden Haftungsbeschr\u00e4nkungen gelten auch nicht f\u00fcr Schadensersatzanspr\u00fcche des Kunden, die auf Ersatz eines K\u00f6per- oder Gesundheitsschadens wegen eines vom Verk\u00e4ufer zu vertretenden Mangels gerichtet oder die auf vors\u00e4tzliches oder grob fahrl\u00e4ssiges Verschulden des Verk\u00e4ufers oder seiner Erf\u00fcllungsgehilfen gest\u00fctzt sind.<br \/>Die vorstehenden Verk\u00fcrzungen gelten nicht f\u00fcr M\u00e4ngel eines Bauwerks oder einer Sache, die entsprechend ihrer \u00fcblichen Verwendungsweise f\u00fcr ein Bauwerk verwendet worden ist und dessen Mangelhaftigkeit verursacht hat. Die vorstehenden Verk\u00fcrzungen gelten auch nicht, soweit der Verk\u00e4ufer einen Mangel arglistig verschwiegen oder eine Garantie f\u00fcr die Beschaffenheit der Ware \u00fcbernommen hat, und nicht f\u00fcr Schadensersatzanspr\u00fcche des Kunden, die auf Ersatz eines K\u00f6rper- oder Gesundheitsschadens wegen eines vom Verk\u00e4ufer zu vertretenden Mangels gerichtet oder die auf vors\u00e4tzliches oder grob fahrl\u00e4ssiges Verschulden des Verk\u00e4ufers oder seiner Erf\u00fcllungsgehilfen gest\u00fctzt sind.<br \/>(4) Liegen M\u00e4ngel vor und wurden diese rechtzeitig geltend gemacht, ist der Verk\u00e4ufer zur Nacherf\u00fcllung berechtigt. Schl\u00e4gt die Nacherf\u00fcllung fehl, ist der Kunde berechtigt, den Kaufpreis zu mindern oder vom Vertrag zur\u00fcckzutreten. Im \u00dcbrigen gelten die gesetzlichen Bestimmungen.<\/p><p><b>\u00a7\u00a08\u00a0Informationspflichten bei Transportsch\u00e4den<\/b><br \/>Werden Waren mit offensichtlichen Sch\u00e4den an der Verpackung oder am Inhalt angeliefert, so soll der Kunde dies unbeschadet seiner Gew\u00e4hrleistungsrechte (\u00a7 7) sofort beim Spediteur\/Frachtdienst reklamieren und unverz\u00fcglich durch eine E-Mail oder auf sonstige Weise (Fax\/Post) mit dem Verk\u00e4ufer Kontakt aufnehmen, damit dieser etwaige Rechte gegen\u00fcber dem Spediteur\/ Frachtdienst wahren kann.<\/p><p><b>\u00a7\u00a09\u00a0Haftungsausschluss<\/b><br \/>(1) Au\u00dferhalb der Haftung f\u00fcr Sach- und Rechtsm\u00e4ngel haftet der Verk\u00e4ufer unbeschr\u00e4nkt, soweit die Schadensursache auf Vorsatz oder grober Fahrl\u00e4ssigkeit beruht. Er haftet auch f\u00fcr die leicht fahrl\u00e4ssige Verletzung von wesentlichen Pflichten (Pflichten, deren Verletzung die Erreichung des Vertragszwecks gef\u00e4hrdet) sowie f\u00fcr die Verletzung von Kardinalpflichten (Pflichten, deren Erf\u00fcllung die ordnungsgem\u00e4\u00dfe Durchf\u00fchrung des Vertrages \u00fcberhaupt erst erm\u00f6glicht und auf deren Einhaltung der Kunde regelm\u00e4\u00dfig vertraut), jedoch jeweils nur f\u00fcr den vorhersehbaren, vertragstypischen Schaden. F\u00fcr die leicht fahrl\u00e4ssige Verletzung anderer als der vorstehenden Pflichten haftet der Verk\u00e4ufer nicht.<br \/>(2) Die Haftungsbeschr\u00e4nkungen des vorstehenden Absatzes gelten nicht bei der Verletzung von Leben, K\u00f6rper und Gesundheit, f\u00fcr einen Mangel nach \u00dcbernahme einer Garantie f\u00fcr die Beschaffenheit des Produktes und bei arglistig verschwiegenen M\u00e4ngeln. Die Haftung nach dem Produkthaftungsgesetz bleibt unber\u00fchrt.<br \/>(3) Ist die Haftung des Verk\u00e4ufers ausgeschlossen oder beschr\u00e4nkt, so gilt dies ebenfalls f\u00fcr die pers\u00f6nliche Haftung seiner Angestellten, Vertreter und Erf\u00fcllungsgehilfen.<\/p><p>AGB gepr\u00fcft durch :<\/p><p>Liesegang &amp; Partner mbB<\/p><p>Kettenhofweg 1<br \/>60325\u00a0Frankfurt am Main<br \/>Germany<\/p><p>Tel.\u00a0<a href=\"tel:+496971672670\">+49 69 7167267-0<\/a><br \/><a href=\"mailto:info@liesegang-partner.com\">info@liesegang-partner.com<\/a><\/p><\/div><\/div>\t\t\t\t\t\t\t\t<\/div>\n\t\t\t\t<\/div>\n\t\t\t\t\t<\/div>\n\t\t<\/div>\n\t\t\t\t\t<\/div>\n\t\t<\/section>\n\t\t\t\t<\/div>\n\t\t","protected":false},"excerpt":{"rendered":"<p>Allgemeine Gesch\u00e4ftsbedingungen Allgemeine Gesch\u00e4ftsbedingungen f\u00fcr einen Onlineshop \u00a7&nbsp;1&nbsp;Allgemeines (1) Diese Gesch\u00e4ftsbedingungen gelten f\u00fcr alle Vertr\u00e4ge, Lieferungen und sonstigen Leistungen der Pools Direct Ransom Schwimmbadtechnik GmbH,&nbsp;Schulstra\u00dfe 2, 91320&nbsp;Ebermannstadt (nachstehend: \u201eVerk\u00e4uferin\u201c), betreffend den Onlineshop https:\/\/poolsdirect.de, Poolfolien.online und alle zur Domain geh\u00f6renden Sub-Domains. Abweichende Vorschriften der Kunden gelten nicht, es sei denn, die Verk\u00e4uferin hat dies schriftlich best\u00e4tigt. [&hellip;]<\/p>\n","protected":false},"author":1,"featured_media":0,"parent":0,"menu_order":0,"comment_status":"closed","ping_status":"closed","template":"elementor_header_footer","meta":{"footnotes":""},"class_list":["post-15","page","type-page","status-publish","hentry","entry"],"yoast_head":"<!-- This site is optimized with the Yoast SEO Premium plugin v23.1 (Yoast SEO v27.4) - https:\/\/yoast.com\/product\/yoast-seo-premium-wordpress\/ -->\n<title>AGB - Poolfolien.online<\/title>\n<meta name=\"description\" content=\"AGB Poolfolien Online. Entdecken Sie unsere Poolfolien, mit dem Live-Konfigurator.\" \/>\n<meta name=\"robots\" content=\"index, follow, max-snippet:-1, max-image-preview:large, max-video-preview:-1\" \/>\n<link rel=\"canonical\" href=\"https:\/\/poolfolien.online\/?page_id=15\" \/>\n<meta property=\"og:locale\" content=\"de_DE\" \/>\n<meta property=\"og:type\" content=\"article\" \/>\n<meta property=\"og:title\" content=\"AGB\" \/>\n<meta property=\"og:description\" content=\"AGB Poolfolien Online. Entdecken Sie unsere Poolfolien, mit dem Live-Konfigurator.\" \/>\n<meta property=\"og:url\" content=\"https:\/\/poolfolien.online\/?page_id=15\" \/>\n<meta property=\"og:site_name\" content=\"Poolfolien.online\" \/>\n<meta property=\"article:publisher\" content=\"https:\/\/www.facebook.com\/profile.php?id=100088498114341\" \/>\n<meta property=\"article:modified_time\" content=\"2026-02-21T08:58:11+00:00\" \/>\n<meta name=\"twitter:card\" content=\"summary_large_image\" \/>\n<meta name=\"twitter:label1\" content=\"Gesch\u00e4tzte Lesezeit\" \/>\n\t<meta name=\"twitter:data1\" content=\"8\u00a0Minuten\" \/>\n<script type=\"application\/ld+json\" class=\"yoast-schema-graph\">{\"@context\":\"https:\\\/\\\/schema.org\",\"@graph\":[{\"@type\":\"WebPage\",\"@id\":\"https:\\\/\\\/poolfolien.online\\\/?page_id=15\",\"url\":\"https:\\\/\\\/poolfolien.online\\\/?page_id=15\",\"name\":\"AGB - Poolfolien.online\",\"isPartOf\":{\"@id\":\"https:\\\/\\\/poolfolien.online\\\/#website\"},\"datePublished\":\"2023-01-19T10:48:05+00:00\",\"dateModified\":\"2026-02-21T08:58:11+00:00\",\"description\":\"AGB Poolfolien Online. Entdecken Sie unsere Poolfolien, mit dem Live-Konfigurator.\",\"breadcrumb\":{\"@id\":\"https:\\\/\\\/poolfolien.online\\\/?page_id=15#breadcrumb\"},\"inLanguage\":\"de\",\"potentialAction\":[{\"@type\":\"ReadAction\",\"target\":[\"https:\\\/\\\/poolfolien.online\\\/?page_id=15\"]}]},{\"@type\":\"BreadcrumbList\",\"@id\":\"https:\\\/\\\/poolfolien.online\\\/?page_id=15#breadcrumb\",\"itemListElement\":[{\"@type\":\"ListItem\",\"position\":1,\"name\":\"Home\",\"item\":\"https:\\\/\\\/poolfolien.online\\\/\"},{\"@type\":\"ListItem\",\"position\":2,\"name\":\"AGB\"}]},{\"@type\":\"WebSite\",\"@id\":\"https:\\\/\\\/poolfolien.online\\\/#website\",\"url\":\"https:\\\/\\\/poolfolien.online\\\/\",\"name\":\"Poolfolien.online\",\"description\":\"Poolfolien bequem &amp; direkt bestellen\",\"publisher\":{\"@id\":\"https:\\\/\\\/poolfolien.online\\\/#organization\"},\"potentialAction\":[{\"@type\":\"SearchAction\",\"target\":{\"@type\":\"EntryPoint\",\"urlTemplate\":\"https:\\\/\\\/poolfolien.online\\\/?s={search_term_string}\"},\"query-input\":{\"@type\":\"PropertyValueSpecification\",\"valueRequired\":true,\"valueName\":\"search_term_string\"}}],\"inLanguage\":\"de\"},{\"@type\":\"Organization\",\"@id\":\"https:\\\/\\\/poolfolien.online\\\/#organization\",\"name\":\"Poolfolien Online\",\"url\":\"https:\\\/\\\/poolfolien.online\\\/\",\"logo\":{\"@type\":\"ImageObject\",\"inLanguage\":\"de\",\"@id\":\"https:\\\/\\\/poolfolien.online\\\/#\\\/schema\\\/logo\\\/image\\\/\",\"url\":\"https:\\\/\\\/chrea0.n3cdn1.secureserver.net\\\/wp-content\\\/uploads\\\/2023\\\/02\\\/Poolfolien_Favicon.png?time=1677505296\",\"contentUrl\":\"https:\\\/\\\/chrea0.n3cdn1.secureserver.net\\\/wp-content\\\/uploads\\\/2023\\\/02\\\/Poolfolien_Favicon.png?time=1677505296\",\"width\":373,\"height\":544,\"caption\":\"Poolfolien Online\"},\"image\":{\"@id\":\"https:\\\/\\\/poolfolien.online\\\/#\\\/schema\\\/logo\\\/image\\\/\"},\"sameAs\":[\"https:\\\/\\\/www.facebook.com\\\/profile.php?id=100088498114341\"]}]}<\/script>\n<!-- \/ Yoast SEO Premium plugin. -->","yoast_head_json":{"title":"AGB - Poolfolien.online","description":"AGB Poolfolien Online. Entdecken Sie unsere Poolfolien, mit dem Live-Konfigurator.","robots":{"index":"index","follow":"follow","max-snippet":"max-snippet:-1","max-image-preview":"max-image-preview:large","max-video-preview":"max-video-preview:-1"},"canonical":"https:\/\/poolfolien.online\/?page_id=15","og_locale":"de_DE","og_type":"article","og_title":"AGB","og_description":"AGB Poolfolien Online. Entdecken Sie unsere Poolfolien, mit dem Live-Konfigurator.","og_url":"https:\/\/poolfolien.online\/?page_id=15","og_site_name":"Poolfolien.online","article_publisher":"https:\/\/www.facebook.com\/profile.php?id=100088498114341","article_modified_time":"2026-02-21T08:58:11+00:00","twitter_card":"summary_large_image","twitter_misc":{"Gesch\u00e4tzte Lesezeit":"8\u00a0Minuten"},"schema":{"@context":"https:\/\/schema.org","@graph":[{"@type":"WebPage","@id":"https:\/\/poolfolien.online\/?page_id=15","url":"https:\/\/poolfolien.online\/?page_id=15","name":"AGB - Poolfolien.online","isPartOf":{"@id":"https:\/\/poolfolien.online\/#website"},"datePublished":"2023-01-19T10:48:05+00:00","dateModified":"2026-02-21T08:58:11+00:00","description":"AGB Poolfolien Online. Entdecken Sie unsere Poolfolien, mit dem Live-Konfigurator.","breadcrumb":{"@id":"https:\/\/poolfolien.online\/?page_id=15#breadcrumb"},"inLanguage":"de","potentialAction":[{"@type":"ReadAction","target":["https:\/\/poolfolien.online\/?page_id=15"]}]},{"@type":"BreadcrumbList","@id":"https:\/\/poolfolien.online\/?page_id=15#breadcrumb","itemListElement":[{"@type":"ListItem","position":1,"name":"Home","item":"https:\/\/poolfolien.online\/"},{"@type":"ListItem","position":2,"name":"AGB"}]},{"@type":"WebSite","@id":"https:\/\/poolfolien.online\/#website","url":"https:\/\/poolfolien.online\/","name":"Poolfolien.online","description":"Poolfolien bequem &amp; direkt bestellen","publisher":{"@id":"https:\/\/poolfolien.online\/#organization"},"potentialAction":[{"@type":"SearchAction","target":{"@type":"EntryPoint","urlTemplate":"https:\/\/poolfolien.online\/?s={search_term_string}"},"query-input":{"@type":"PropertyValueSpecification","valueRequired":true,"valueName":"search_term_string"}}],"inLanguage":"de"},{"@type":"Organization","@id":"https:\/\/poolfolien.online\/#organization","name":"Poolfolien Online","url":"https:\/\/poolfolien.online\/","logo":{"@type":"ImageObject","inLanguage":"de","@id":"https:\/\/poolfolien.online\/#\/schema\/logo\/image\/","url":"https:\/\/chrea0.n3cdn1.secureserver.net\/wp-content\/uploads\/2023\/02\/Poolfolien_Favicon.png?time=1677505296","contentUrl":"https:\/\/chrea0.n3cdn1.secureserver.net\/wp-content\/uploads\/2023\/02\/Poolfolien_Favicon.png?time=1677505296","width":373,"height":544,"caption":"Poolfolien Online"},"image":{"@id":"https:\/\/poolfolien.online\/#\/schema\/logo\/image\/"},"sameAs":["https:\/\/www.facebook.com\/profile.php?id=100088498114341"]}]}},"_links":{"self":[{"href":"https:\/\/poolfolien.online\/index.php?rest_route=\/wp\/v2\/pages\/15","targetHints":{"allow":["GET"]}}],"collection":[{"href":"https:\/\/poolfolien.online\/index.php?rest_route=\/wp\/v2\/pages"}],"about":[{"href":"https:\/\/poolfolien.online\/index.php?rest_route=\/wp\/v2\/types\/page"}],"author":[{"embeddable":true,"href":"https:\/\/poolfolien.online\/index.php?rest_route=\/wp\/v2\/users\/1"}],"replies":[{"embeddable":true,"href":"https:\/\/poolfolien.online\/index.php?rest_route=%2Fwp%2Fv2%2Fcomments&post=15"}],"version-history":[{"count":19,"href":"https:\/\/poolfolien.online\/index.php?rest_route=\/wp\/v2\/pages\/15\/revisions"}],"predecessor-version":[{"id":1826,"href":"https:\/\/poolfolien.online\/index.php?rest_route=\/wp\/v2\/pages\/15\/revisions\/1826"}],"wp:attachment":[{"href":"https:\/\/poolfolien.online\/index.php?rest_route=%2Fwp%2Fv2%2Fmedia&parent=15"}],"curies":[{"name":"wp","href":"https:\/\/api.w.org\/{rel}","templated":true}]}}